{"id":88717,"date":"2024-08-31T08:59:40","date_gmt":"2024-08-31T12:59:40","guid":{"rendered":"https:\/\/undsgn.com\/uncode\/?page_id=88717"},"modified":"2026-04-15T15:14:15","modified_gmt":"2026-04-15T19:14:15","slug":"assurance-vie","status":"publish","type":"page","link":"https:\/\/costasf.com\/en\/assurance-vie","title":{"rendered":"Assurance Vie"},"content":{"rendered":"<div class=\"wpb-content-wrapper\"><div data-parent=\"true\" class=\"vc_row has-bg need-focus style-color-xsdn-bg row-container boomapps_vcrow\" id=\"row-unique-0\"><div class=\"row exa-top-padding exa-bottom-padding single-h-padding limit-width row-parent\"><div class=\"wpb_row row-inner\"><div class=\"wpb_column pos-top pos-center align_left column_parent col-lg-12 boomapps_vccolumn single-internal-gutter\"><div class=\"uncol style-light\"  ><div class=\"uncoltable\"><div class=\"uncell  boomapps_vccolumn no-block-padding\" ><div class=\"uncont\" ><div class=\"vc_custom_heading_wrap\"><div class=\"heading-text el-text zoom-in animate_when_almost_visible\" data-delay=\"300\"><h1 class=\"fontsize-338686 text-accent-color\" ><span>Life insurance<\/span><\/h1><\/div><div class=\"clear\"><\/div><\/div><div class=\"vc_custom_heading_wrap\"><div class=\"heading-text el-text top-t-bottom animate_when_almost_visible\" data-delay=\"200\"><h2 class=\"h4 fontheight-357766 fontspace-389486 font-weight-500 text-color-prif-color\" ><span>Une assurance vie sert \u00e0 prot\u00e9ger financi\u00e8rement vous et vos proches, en cas de d\u00e9c\u00e8s. Elle peut aussi servir \u00e0 constituer une \u00e9pargne \u00e0 long terme \u00e0 l&rsquo;abri de l&rsquo;imp\u00f4t, selon le produit choisi.<\/span><\/h2><\/div><div class=\"clear\"><\/div><\/div><\/div><\/div><\/div><\/div><\/div><script id=\"script-row-unique-0\" data-row=\"script-row-unique-0\" type=\"text\/javascript\" class=\"vc_controls\">UNCODE.initRow(document.getElementById(\"row-unique-0\"));<\/script><\/div><\/div><\/div><div data-parent=\"true\" class=\"vc_row has-bg need-focus style-color-wayh-bg row-container magnetic with-parallax boomapps_vcrow\" id=\"row-unique-1\"><div class=\"row-background background-element\">\n\t\t\t\t\t\t\t\t\t\t\t<div class=\"background-wrapper\">\n\t\t\t\t\t\t\t\t\t\t\t\t<div class=\"background-inner\" style=\"background-image: url(https:\/\/costasf.com\/wp-content\/uploads\/2024\/08\/iStock-1204149561-scaled.jpg);background-repeat: no-repeat;background-position: right center;background-size: cover;\"><\/div>\n\t\t\t\t\t\t\t\t\t\t\t\t\n\t\t\t\t\t\t\t\t\t\t\t<\/div>\n\t\t\t\t\t\t\t\t\t\t<\/div><div class=\"row full-width row-parent\" data-height-ratio=\"55\"><div class=\"wpb_row row-inner\"><div class=\"wpb_column pos-middle pos-left align_left column_parent col-lg-12 boomapps_vccolumn single-internal-gutter\"><div class=\"uncol style-light\"  ><div class=\"uncoltable\" style=\"min-height: 380px;\"><div class=\"uncell  boomapps_vccolumn no-block-padding\" ><div class=\"uncont\" ><\/div><\/div><\/div><\/div><\/div><script id=\"script-row-unique-1\" data-row=\"script-row-unique-1\" type=\"text\/javascript\" class=\"vc_controls\">UNCODE.initRow(document.getElementById(\"row-unique-1\"));<\/script><\/div><\/div><\/div><div data-parent=\"true\" class=\"vc_row has-bg need-focus style-color-xsdn-bg row-container boomapps_vcrow\" id=\"row-unique-2\"><div class=\"row unequal col-triple-gutter triple-top-padding triple-bottom-padding triple-h-padding full-width row-parent\"><div class=\"wpb_row row-inner\"><div class=\"wpb_column pos-top pos-right align_left column_parent col-lg-6 boomapps_vccolumn col-md-50 single-internal-gutter\"><div class=\"uncol style-spec style-dark animate_when_almost_visible left-t-right\"  data-delay=\"200\"><div class=\"uncoltable\"><div class=\"uncell  boomapps_vccolumn triple-block-padding style-accent-bg has-bg  unradius-lg\" ><div class=\"uncont\" ><div class=\"vc_custom_heading_wrap\"><div class=\"heading-text el-text\" ><h3 class=\"custom fontsize-255035-custom font-size-custom\" ><span>Term life insurance<\/span><\/h3><hr class=\"separator-break\" \/><\/div><div class=\"clear\"><\/div><\/div><div class=\"vc_custom_heading_wrap\"><div class=\"heading-text el-text\" ><h3 class=\"custom fontspace-183197 font-weight-500 text-color-xsdn-color fontsize-108882-custom font-size-custom\" ><i><span>It provides coverage for a specified period, such as 10, 20, or 30 years<\/span><\/i><\/h3><\/div><div class=\"clear\"><\/div><\/div><div class=\"vc_custom_heading_wrap\"><div class=\"heading-text el-text\" ><h3 class=\"custom fontheight-131815 fontspace-183197 font-weight-600 text-color-xsdn-color fontsize-169625-custom font-size-custom\" ><span><span class=\"font-114468\">Ideal coverage for:<\/span><\/p><\/span><span><ul><\/span><span><li><span class=\"font-114468\">An individual with a limited budget<\/span><\/li><\/span><span><li><span class=\"font-114468\">Covering a temporary debt such as a mortgage.<\/span><\/li><\/span><span><li><span class=\"font-114468\">Covering a significant debt, such as student loans<\/span><\/li><\/span><span><li><span class=\"font-114468\">Entrepreneurs and self-employed individuals<\/span><\/li><\/span><span><li><span class=\"font-114468\">Those who want fixed premiums<\/span><\/li><\/span><span><\/ul><\/span><span><p><\/span><\/h3><\/div><div class=\"clear\"><\/div><\/div><div class=\"divider-wrapper\"  >\n    <hr class=\"unseparator border-,Default-color separator-no-padding\"  \/>\n<\/div>\n<span class=\"btn-container\" ><a role=\"button\"  href=\"https:\/\/costasf.com\/en\/reservations\/\" class=\"custom-link btn btn-lg btn-custom-typo font-139798 font-weight-600 text-initial no-letterspace border-width-0 btn-default btn-round btn-icon-left\" title=\"Book an appointment\">Learn more<\/a><\/span><\/div><\/div><\/div><\/div><\/div><div class=\"wpb_column pos-top pos-right align_left column_parent col-lg-6 boomapps_vccolumn col-md-50 single-internal-gutter\"><div class=\"uncol style-light animate_when_almost_visible right-t-left\"  data-delay=\"300\"><div class=\"uncoltable\"><div class=\"uncell  boomapps_vccolumn triple-block-padding style-color-gyho-bg has-bg  unradius-lg\" ><div class=\"uncont\" ><div class=\"vc_custom_heading_wrap\"><div class=\"heading-text el-text\" ><h3 class=\"custom text-accent-color fontsize-209121-custom font-size-custom\" ><span>Permanent life insurance<\/span><\/h3><hr class=\"separator-break separator-accent\" \/><\/div><div class=\"clear\"><\/div><\/div><div class=\"vc_custom_heading_wrap\"><div class=\"heading-text el-text\" ><h3 class=\"custom fontspace-183197 font-weight-500 text-accent-color fontsize-142582-custom font-size-custom\" ><i><span>Elle offre une protection durant toute la dur\u00e9e de vie de l&rsquo;assur\u00e9<\/span><\/i><\/h3><\/div><div class=\"clear\"><\/div><\/div><div class=\"vc_custom_heading_wrap\"><div class=\"heading-text el-text\" ><h3 class=\"custom fontheight-131815 fontspace-183197 font-weight-600 text-accent-color fontsize-313115-custom font-size-custom\" ><span><span class=\"font-114468\" style=\"color: #003366;\">Ideal for giving your loved ones the means to:<\/span><\/p><\/span><span><ul><\/span><span><li><span class=\"font-114468\" style=\"color: #003366;\">Repay your debts<\/span><\/li><\/span><span><li><span class=\"font-114468\" style=\"color: #003366;\">Cover your funeral expenses<\/span><\/li><\/span><span><li><span class=\"font-114468\" style=\"color: #003366;\">Cover the taxes on inherited assets, such as a cottage<\/span><\/li><\/span><span><li><span class=\"font-114468\" style=\"color: #003366;\">Build wealth<\/span><\/li><\/span><span><li><span class=\"font-114468\" style=\"color: #003366;\">D&rsquo;assurer la continuit\u00e9 de votre entreprise<\/span><\/li><\/span><span><\/ul><\/span><span><p><\/span><\/h3><\/div><div class=\"clear\"><\/div><\/div><div class=\"divider-wrapper\"  >\n    <hr class=\"unseparator border-color-uydo-color separator-no-padding\"  \/>\n<\/div>\n<span class=\"btn-container\" ><a role=\"button\"  href=\"https:\/\/costasf.com\/en\/reservations\/\" class=\"custom-link btn btn-lg btn-custom-typo font-139798 font-weight-600 text-initial no-letterspace border-width-0 btn-accent btn-round btn-icon-left\" title=\"Book an appointment\">Learn more<\/a><\/span><\/div><\/div><\/div><\/div><\/div><script id=\"script-row-unique-2\" data-row=\"script-row-unique-2\" type=\"text\/javascript\" class=\"vc_controls\">UNCODE.initRow(document.getElementById(\"row-unique-2\"));<\/script><\/div><\/div><\/div><div data-parent=\"true\" class=\"vc_row has-bg need-focus style-color-xsdn-bg row-container boomapps_vcrow\" id=\"row-unique-3\"><div class=\"row unequal col-triple-gutter no-top-padding triple-bottom-padding triple-h-padding full-width row-parent\"><div class=\"wpb_row row-inner\"><div class=\"wpb_column pos-top pos-right align_left column_parent col-lg-6 boomapps_vccolumn col-md-50 single-internal-gutter\"><div class=\"uncol style-spec style-dark animate_when_almost_visible left-t-right\"  data-delay=\"200\"><div class=\"uncoltable\"><div class=\"uncell  boomapps_vccolumn triple-block-padding style-accent-bg has-bg  unradius-lg\" ><div class=\"uncont\" ><div class=\"vc_custom_heading_wrap\"><div class=\"heading-text el-text\" ><h3 class=\"custom fontsize-873712-custom font-size-custom\" ><span>Universal life insurance<\/span><\/h3><hr class=\"separator-break\" \/><\/div><div class=\"clear\"><\/div><\/div><div class=\"vc_custom_heading_wrap\"><div class=\"heading-text el-text\" ><h3 class=\"custom fontspace-183197 font-weight-500 text-color-xsdn-color fontsize-615250-custom font-size-custom\" ><i><span>Elle offre une protection permanente et un moyen d&rsquo;\u00e9pargne en profitant d&rsquo;avantages fiscaux<\/span><\/i><\/h3><\/div><div class=\"clear\"><\/div><\/div><div class=\"vc_custom_heading_wrap\"><div class=\"heading-text el-text\" ><h3 class=\"custom fontspace-183197 font-weight-600 text-color-xsdn-color fontsize-108061-custom font-size-custom\" ><span><span class=\"font-114468\">Ideal for individuals who:<\/span><\/p><\/span><span><ul><\/span><span><li><span class=\"font-114468\">Wish to adjust their premiums based on their income or financial needs<\/span><\/li><\/span><span><li><span class=\"font-114468\">Cherchent \u00e0 accumuler une \u00e9pargne \u00e0 l&rsquo;int\u00e9rieur de leur police d&rsquo;assurance.<\/span><\/li><\/span><span><li><span class=\"font-114468\">Have already contributed the maximum to their RRSP and TFSA<\/span><\/li><\/span><span><li><span class=\"font-114468\">Veulent garantir un h\u00e9ritage \u00e0 leurs descendants tout en ayant la possibilit\u00e9 de retirer de l&rsquo;argent de la police si n\u00e9cessaire<\/span><\/li><\/span><span><li><span class=\"font-114468\">Would like to adjust the premium amounts and pay them at different intervals<\/span><\/li><\/span><span><\/ul><\/span><span><p><\/span><\/h3><\/div><div class=\"clear\"><\/div><\/div><div class=\"divider-wrapper\"  >\n    <hr class=\"unseparator border-,Default-color separator-no-padding\"  \/>\n<\/div>\n<span class=\"btn-container\" ><a role=\"button\"  href=\"https:\/\/costasf.com\/en\/reservations\/\" class=\"custom-link btn btn-lg btn-custom-typo font-139798 font-weight-600 text-initial no-letterspace border-width-0 btn-default btn-round btn-icon-left\" title=\"Book an appointment\">Learn more<\/a><\/span><\/div><\/div><\/div><\/div><\/div><div class=\"wpb_column pos-top pos-right align_left column_parent col-lg-6 boomapps_vccolumn col-md-50 single-internal-gutter\"><div class=\"uncol style-light animate_when_almost_visible right-t-left\"  data-delay=\"300\"><div class=\"uncoltable\"><div class=\"uncell  boomapps_vccolumn triple-block-padding style-color-gyho-bg has-bg  unradius-lg\" ><div class=\"uncont\" ><div class=\"vc_custom_heading_wrap\"><div class=\"heading-text el-text\" ><h3 class=\"custom text-accent-color fontsize-166751-custom font-size-custom\" ><span>Participating life insurance<\/span><\/h3><hr class=\"separator-break separator-accent\" \/><\/div><div class=\"clear\"><\/div><\/div><div class=\"vc_custom_heading_wrap\"><div class=\"heading-text el-text\" ><h3 class=\"custom fontspace-183197 font-weight-500 text-accent-color fontsize-947472-custom font-size-custom\" ><i><span>Permet aux assur\u00e9s de recevoir des dividendes, dites \u00ab\u00a0participations\u00a0\u00bb, en plus d&rsquo;une protection permanente<\/span><\/i><\/h3><\/div><div class=\"clear\"><\/div><\/div><div class=\"vc_custom_heading_wrap\"><div class=\"heading-text el-text\" ><h3 class=\"custom fontheight-131815 fontspace-183197 font-weight-600 text-accent-color fontsize-114335-custom font-size-custom\" ><span><span class=\"font-114468\" style=\"color: #003366;\">The ideal solution for:<\/span><\/p><\/span><span><ul><\/span><span><li><span class=\"font-114468\" style=\"color: #003366;\">Individuals who are looking for protection that generates growth<\/span><\/li><\/span><span><li><span class=\"font-114468\" style=\"color: #003366;\">Les personnes qui veulent que la valeur de leur assurance vie augmente avec le temps pour compenser l&rsquo;inflation<\/span><\/li><\/span><span><li><span class=\"font-114468\" style=\"color: #003366;\">Individuals who want to leave a larger legacy to their loved ones<\/span><\/li><\/span><span><li><span class=\"font-114468\" style=\"color: #003366;\">Ceux et celles qui cherchent un autre moyen de diversifier leur portefeuille tout en b\u00e9n\u00e9ficiant d&rsquo;une assurance vie<\/span><\/li><\/span><span><li><span class=\"font-114468\" style=\"color: #003366;\">Parents who want to take out a policy for their child, providing accumulated value that can be used at a key moment in their life<\/span><\/li><\/span><span><\/ul><\/span><span><p><\/span><\/h3><\/div><div class=\"clear\"><\/div><\/div><div class=\"divider-wrapper\"  >\n    <hr class=\"unseparator border-color-uydo-color separator-no-padding\"  \/>\n<\/div>\n<span class=\"btn-container\" ><a role=\"button\"  href=\"https:\/\/costasf.com\/en\/reservations\/\" class=\"custom-link btn btn-lg btn-custom-typo font-139798 font-weight-600 text-initial no-letterspace border-width-0 btn-accent btn-round btn-icon-left\" title=\"Book an appointment\">Learn more<\/a><\/span><\/div><\/div><\/div><\/div><\/div><script id=\"script-row-unique-3\" data-row=\"script-row-unique-3\" type=\"text\/javascript\" class=\"vc_controls\">UNCODE.initRow(document.getElementById(\"row-unique-3\"));<\/script><\/div><\/div><\/div><div data-parent=\"true\" class=\"vc_row has-bg need-focus style-color-lxmt-bg row-container boomapps_vcrow\" id=\"row-unique-4\"><div class=\"row single-top-padding single-bottom-padding triple-h-padding full-width row-parent\"><div class=\"wpb_row row-inner\"><div class=\"wpb_column pos-top pos-center align_left column_parent col-lg-12 boomapps_vccolumn single-internal-gutter\"><div class=\"uncol style-light\"  ><div class=\"uncoltable\"><div class=\"uncell  boomapps_vccolumn no-block-padding\" ><div class=\"uncont\" ><div class=\"vc_custom_heading_wrap\"><div class=\"heading-text el-text\" ><h2 class=\"font-114468 h1\" ><span>Questions?<\/span><\/h2><\/div><div class=\"clear\"><\/div><\/div><span class=\"btn-container\" ><a role=\"button\"  href=\"https:\/\/costasf.com\/en\/contact\/\" class=\"custom-link btn btn-custom-typo font-139798 font-weight-800 text-initial no-letterspace border-width-0 btn-accent btn-shadow btn-shadow-std btn-icon-left\" title=\"Contact\">Contact me<\/a><\/span><div class=\"vc_custom_heading_wrap\"><div class=\"heading-text el-text\" ><h2 class=\"custom fontspace-183197 fontsize-826733-custom font-size-custom\" ><span>D&rsquo;autres produits d&rsquo;assurance qui pourraient vous int\u00e9resser:<\/span><\/h2><\/div><div class=\"clear\"><\/div><\/div><div class=\"uncode-wrapper uncode-list\" >\n<ul class=\"icons\">\n<li><i class=\"fa fa-circle-check text-accent-color\"><\/i><a href=\"https:\/\/costasf.com\/en\/assurance-invalidite\/\">Disability insurance<\/a><\/li>\n<li><i class=\"fa fa-circle-check text-accent-color\"><\/i><a href=\"https:\/\/costasf.com\/en\/assurance-maladie-grave-et-accident\/\">Injury &amp; critical illness insurance<\/a><\/li>\n<li><i class=\"fa fa-circle-check text-accent-color\"><\/i><a href=\"https:\/\/costasf.com\/en\/assurance-dentaire-et-soins-medicaux\/\">Dental &amp; health insurance<\/a><\/li>\n<li><i class=\"fa fa-circle-check text-accent-color\"><\/i><a href=\"https:\/\/costasf.com\/en\/assurance-hypothecaire\/\">Mortgage insurance<\/a><\/li>\n<li><i class=\"fa fa-circle-check text-accent-color\"><\/i><a href=\"https:\/\/costasf.com\/en\/assurance-voyage\/\">Travel insurance<\/a><\/li>\n<\/ul>\n<\/div><\/div><\/div><\/div><\/div><\/div><script id=\"script-row-unique-4\" data-row=\"script-row-unique-4\" type=\"text\/javascript\" class=\"vc_controls\">UNCODE.initRow(document.getElementById(\"row-unique-4\"));<\/script><\/div><\/div><\/div>\n<\/div>","protected":false},"excerpt":{"rendered":"Assurance vieUne assurance vie sert \u00e0 prot\u00e9ger financi\u00e8rement vous et vos proches, en cas de d\u00e9c\u00e8s. Elle peut aussi servir [...]","protected":false},"author":1,"featured_media":143325,"parent":0,"menu_order":0,"comment_status":"closed","ping_status":"closed","template":"","meta":{"_monsterinsights_skip_tracking":false,"_monsterinsights_sitenote_active":false,"_monsterinsights_sitenote_note":"","_monsterinsights_sitenote_category":0,"footnotes":""},"class_list":["post-88717","page","type-page","status-publish","has-post-thumbnail","hentry"],"_links":{"self":[{"href":"https:\/\/costasf.com\/en\/wp-json\/wp\/v2\/pages\/88717","targetHints":{"allow":["GET"]}}],"collection":[{"href":"https:\/\/costasf.com\/en\/wp-json\/wp\/v2\/pages"}],"about":[{"href":"https:\/\/costasf.com\/en\/wp-json\/wp\/v2\/types\/page"}],"author":[{"embeddable":true,"href":"https:\/\/costasf.com\/en\/wp-json\/wp\/v2\/users\/1"}],"replies":[{"embeddable":true,"href":"https:\/\/costasf.com\/en\/wp-json\/wp\/v2\/comments?post=88717"}],"version-history":[{"count":74,"href":"https:\/\/costasf.com\/en\/wp-json\/wp\/v2\/pages\/88717\/revisions"}],"predecessor-version":[{"id":145682,"href":"https:\/\/costasf.com\/en\/wp-json\/wp\/v2\/pages\/88717\/revisions\/145682"}],"wp:featuredmedia":[{"embeddable":true,"href":"https:\/\/costasf.com\/en\/wp-json\/wp\/v2\/media\/143325"}],"wp:attachment":[{"href":"https:\/\/costasf.com\/en\/wp-json\/wp\/v2\/media?parent=88717"}],"curies":[{"name":"wp","href":"https:\/\/api.w.org\/{rel}","templated":true}]}}