{"id":18,"date":"2024-08-16T11:41:29","date_gmt":"2024-08-16T11:41:29","guid":{"rendered":"https:\/\/costasf.com\/?page_id=18"},"modified":"2026-04-15T15:30:37","modified_gmt":"2026-04-15T19:30:37","slug":"mathieu-berard-costa","status":"publish","type":"page","link":"https:\/\/costasf.com\/en\/mathieu-berard-costa","title":{"rendered":"\u00c0 Propos"},"content":{"rendered":"<div class=\"wpb-content-wrapper\"><div data-parent=\"true\" class=\"vc_row row-container boomapps_vcrow\" id=\"row-unique-0\"><div class=\"row limit-width row-parent\"><div class=\"wpb_row row-inner\"><div class=\"wpb_column pos-top pos-center align_left column_parent col-lg-12 boomapps_vccolumn single-internal-gutter\"><div class=\"uncol style-light\"  ><div class=\"uncoltable\"><div class=\"uncell  boomapps_vccolumn no-block-padding\" ><div class=\"uncont\" ><div class=\"empty-space empty-single\" ><span class=\"empty-space-inner\"><\/span><\/div>\n<\/div><\/div><\/div><\/div><\/div><script id=\"script-row-unique-0\" data-row=\"script-row-unique-0\" type=\"text\/javascript\" class=\"vc_controls\">UNCODE.initRow(document.getElementById(\"row-unique-0\"));<\/script><\/div><\/div><\/div><div data-parent=\"true\" class=\"vc_row inverted-device-order has-bg need-focus style-accent-bg row-container onepage-section has-dividers boomapps_vcrow\" data-label=\"Sample 6\" data-name=\"sample-6\" id=\"row-unique-1\"><div class=\"row-background background-element\" style=\"opacity: 1;\">\n\t\t\t\t\t\t\t\t\t\t\t<div class=\"background-wrapper\">\n\t\t\t\t\t\t\t\t\t\t\t\t<div class=\"background-inner\"><\/div>\n\t\t\t\t\t\t\t\t\t\t\t\t<div class=\"block-bg-overlay style-accent-bg\" style=\"opacity: 0.8;\"><\/div>\n\t\t\t\t\t\t\t\t\t\t\t<\/div>\n\t\t\t\t\t\t\t\t\t\t<\/div><div class=\"uncode-divider-wrap uncode-divider-wrap-top z_index_0 uncode-divider-flip uncode-divider-mobile-hide uncode-row-divider-invert\" style=\"height: 46%;\" data-height=\"46\" data-unit=\"%\"><svg version=\"1.1\" class=\"uncode-row-divider uncode-row-divider-curve\" x=\"0px\" y=\"0px\" width=\"240px\" height=\"24px\" viewbox=\"0 0 240 24\" enable-background=\"new 0 0 240 24\" xml:space=\"preserve\" preserveaspectratio=\"none\">\n\t\t<path fill=\"#ffffff\" fill-opacity=\"0.33\" d=\"M0,0v24C47.91-5.42,92.93-4.712,239.512,24H240V0.02L0,0z\"\/>\n\t\t<path fill=\"#ffffff\" fill-opacity=\"0.33\" d=\"M0,0.02v14.361C34.971-6.26,95.62-3.501,240,21.203V0.02H0L0,0.02z\"\/>\n\t\t<path fill=\"#ffffff\" d=\"M0,0.02v7.359C33.652-5.278,97.769-0.918,240,19.553V0.02H0L0,0.02z\"\/>\n\t\t<\/svg><\/div><div class=\"uncode-divider-wrap uncode-divider-wrap-bottom z_index_2 uncode-divider-flip uncode-divider-mobile-hide uncode-row-divider-invert\" style=\"height: 58%;\" data-height=\"58\" data-unit=\"%\"><svg version=\"1.1\" class=\"uncode-row-divider uncode-row-divider-curve\" x=\"0px\" y=\"0px\" width=\"240px\" height=\"24px\" viewbox=\"0 0 240 24\" enable-background=\"new 0 0 240 24\" xml:space=\"preserve\" preserveaspectratio=\"none\">\n\t\t<path fill=\"#ffffff\" fill-opacity=\"0.33\" d=\"M0,0v24C47.91-5.42,92.93-4.712,239.512,24H240V0.02L0,0z\"\/>\n\t\t<path fill=\"#ffffff\" fill-opacity=\"0.33\" d=\"M0,0.02v14.361C34.971-6.26,95.62-3.501,240,21.203V0.02H0L0,0.02z\"\/>\n\t\t<path fill=\"#ffffff\" d=\"M0,0.02v7.359C33.652-5.278,97.769-0.918,240,19.553V0.02H0L0,0.02z\"\/>\n\t\t<\/svg><\/div><div class=\"row unequal col-double-gutter triple-top-padding no-bottom-padding single-h-padding limit-width row-parent\"><div class=\"wpb_row row-inner\"><div class=\"wpb_column pos-middle pos-center align_left column_parent col-lg-6 boomapps_vccolumn col-md-50 single-internal-gutter\"><div class=\"uncol style-light shift_y_neg_quad\"  ><div class=\"uncoltable\"><div class=\"uncell  boomapps_vccolumn no-block-padding\" ><div class=\"uncont\" ><div class=\"uncode-single-media  text-center animate_when_almost_visible zoom-out\" data-delay=\"200\"><div class=\"single-wrapper\" style=\"max-width: 540px;\"><div class=\"tmb tmb-light  tmb-media-first tmb-media-last tmb-content-overlay tmb-no-bg\"><div class=\"t-inside\"><div class=\"t-entry-visual\"><div class=\"t-entry-visual-tc\"><div class=\"uncode-single-media-wrapper\"><img decoding=\"async\" class=\"wp-image-145151\" src=\"https:\/\/costasf.com\/wp-content\/uploads\/2024\/10\/Pro-2-scaled.jpeg\" width=\"1651\" height=\"2560\" alt=\"\" srcset=\"https:\/\/costasf.com\/wp-content\/uploads\/2024\/10\/Pro-2-scaled.jpeg 1651w, https:\/\/costasf.com\/wp-content\/uploads\/2024\/10\/Pro-2-193x300.jpeg 193w, https:\/\/costasf.com\/wp-content\/uploads\/2024\/10\/Pro-2-660x1024.jpeg 660w, https:\/\/costasf.com\/wp-content\/uploads\/2024\/10\/Pro-2-768x1191.jpeg 768w, https:\/\/costasf.com\/wp-content\/uploads\/2024\/10\/Pro-2-990x1536.jpeg 990w, https:\/\/costasf.com\/wp-content\/uploads\/2024\/10\/Pro-2-1321x2048.jpeg 1321w, https:\/\/costasf.com\/wp-content\/uploads\/2024\/10\/Pro-2-350x543.jpeg 350w, https:\/\/costasf.com\/wp-content\/uploads\/2024\/10\/Pro-2-scaled-uai-720x1116.jpeg 720w\" sizes=\"(max-width: 1651px) 100vw, 1651px\" \/><\/div>\n\t\t\t\t\t<\/div>\n\t\t\t\t<\/div><\/div><\/div><\/div><\/div><\/div><\/div><\/div><\/div><\/div><div class=\"wpb_column pos-middle pos-center align_left align_center_mobile column_parent col-lg-6 boomapps_vccolumn col-md-50 half-internal-gutter z_index_1\"><div class=\"uncol style-spec style-dark\"  ><div class=\"uncoltable\"><div class=\"uncell  boomapps_vccolumn no-block-padding\" ><div class=\"uncont\" ><div class=\"vc_custom_heading_wrap\"><div class=\"heading-text el-text zoom-in animate_when_almost_visible\" data-delay=\"200\"><h2 class=\"fontsize-155944 fontspace-210350 font-weight-600\" ><i><span>Who am I?<\/span><\/i><\/h2><hr class=\"separator-break\" \/><\/div><div class=\"clear\"><\/div><\/div><div class=\"uncode_text_column text-lead right-t-left animate_when_almost_visible\" data-delay=\"300\"><p>My name is Mathieu and I'm a financial security advisor affiliated with Boisclair Placements &amp; Assurances, located in Saint-Lambert on Montreal\u2019s South Shore.<\/p>\n<p>I specialize in investment management, personal and business insurance planning, retirement preparation, and tax optimization. As a broker, I have access to a wide range of financial products available on the Quebec market. My goal is to provide you with strategic, customized solutions to protect your future while maximizing returns and minimizing risk.<\/p>\n<p>I am here to offer you much more than advice: I provide a human-centered approach with warm, genuine support. My charisma, combined with my kindness and passion for finance, creates an environment where you will feel confident and supported at every stage of your financial journey.<\/p>\n<p>Welcome to a service where people and expertise go hand in hand. Contact me or book an appointment, and let\u2019s discover together how I can help you achieve your financial goals.<\/p>\n<p>&#8211; Mathieu B\u00e9rard-Costa<\/p>\n<\/div><div class=\"vc_row row-internal row-container boomapps_vcrow\"><div class=\"row col-no-gutter row-child\"><div class=\"wpb_row row-inner\"><div class=\"wpb_column pos-top pos-center align_left column_child col-lg-6 boomapps_vccolumn single-internal-gutter\"><div class=\"uncol style-spec style-dark\" ><div class=\"uncoltable\"><div class=\"uncell  boomapps_vccolumn no-block-padding\" ><div class=\"uncont\" ><span class=\"btn-container animate_when_almost_visible bottom-t-top\" data-delay=\"300\"><a role=\"button\"  href=\"https:\/\/costasf.com\/en\/contact\/\" class=\"custom-link btn border-width-0 btn-default btn-icon-left\" title=\"Contact\">Contact me<\/a><\/span><\/div><\/div><\/div><\/div><\/div><div class=\"wpb_column pos-top pos-center align_left column_child col-lg-6 boomapps_vccolumn single-internal-gutter\"><div class=\"uncol style-spec style-dark\" ><div class=\"uncoltable\"><div class=\"uncell  boomapps_vccolumn no-block-padding\" ><div class=\"uncont\" ><span class=\"btn-container animate_when_almost_visible bottom-t-top\" data-delay=\"300\"><a role=\"button\"  href=\"https:\/\/costasf.com\/en\/reservations\/\" class=\"custom-link btn border-width-0 btn-default btn-icon-left\" title=\"Book an appointment\">Book an appointment<\/a><\/span><\/div><\/div><\/div><\/div><\/div><\/div><\/div><\/div><div class=\"empty-space empty-quad mobile-hidden\" ><span class=\"empty-space-inner\"><\/span><\/div>\n<\/div><\/div><\/div><\/div><\/div><script id=\"script-row-unique-1\" data-row=\"script-row-unique-1\" type=\"text\/javascript\" class=\"vc_controls\">UNCODE.initRow(document.getElementById(\"row-unique-1\"));<\/script><\/div><\/div><\/div><div data-parent=\"true\" class=\"vc_row has-bg need-focus style-color-gyho-bg row-container boomapps_vcrow\" id=\"row-unique-2\"><div class=\"row exa-top-padding exa-bottom-padding single-h-padding limit-width row-parent\"><div class=\"wpb_row row-inner\"><div class=\"wpb_column pos-middle pos-left align_center column_parent col-lg-12 boomapps_vccolumn double-internal-gutter\"><div class=\"uncol style-light\"  ><div class=\"uncoltable\"><div class=\"uncell  boomapps_vccolumn no-block-padding\" ><div class=\"uncont\" ><div class=\"un-media-gallery owl-carousel-wrapper textual-carousel hide-quotes\">\n\t\t\n\t\n\t<div class=\"owl-carousel-container owl-carousel-loading no-gutter\" >\n\t\t\t\t\t\t\t\t\t<div id=\"gallery-28\" class=\"owl-carousel owl-element owl-height-auto owl-dots-db-space owl-dots-outside owl-dots-single-block-padding owl-dots-align-center\" data-fade=\"true\" data-dots=\"true\" data-dotsmobile=\"true\" data-navmobile=\"false\" data-navspeed=\"1000\" data-autoplay=\"true\" data-timeout=\"10000\" data-autoheight=\"true\" data-stagepadding=\"0\" data-lg=\"1\" data-md=\"1\" data-sm=\"1\">\n<div class=\"tmb tmb-carousel tmb-iso-h4 tmb-dark tmb-overlay-text-anim tmb-overlay-anim tmb-overlay-middle tmb-overlay-text-center tmb-image-anim tmb-id-145176  tmb-media-first tmb-media-last tmb-content-overlay tmb-no-bg tmb-lightbox\" ><div class=\"t-inside animate_when_almost_visible zoom-in\" data-delay=\"200\" data-speed=\"1000\"><div class=\"t-entry-visual\"><div class=\"t-entry-visual-tc\"><div class=\"t-entry-visual-cont\"><div class=\"t-entry-visual-overlay\"><div class=\"t-entry-visual-overlay-in style-light-bg\" style=\"opacity: 0.5;\"><\/div><\/div><div class=\"font-139798 h2 font-weight-400 fontheight-524109 regular-text object-size fluid-object\" style=\"padding-top: 100%\"><blockquote class=\"pullquote\"><figure class=\"gravatar\"><img decoding=\"async\" width=\"150\" height=\"150\" src=\"https:\/\/costasf.com\/wp-content\/uploads\/2024\/11\/IMG_35D0B667BF21-1-150x150.jpeg\" class=\"avatar\" alt=\"\" srcset=\"https:\/\/costasf.com\/wp-content\/uploads\/2024\/11\/IMG_35D0B667BF21-1-150x150.jpeg 150w, https:\/\/costasf.com\/wp-content\/uploads\/2024\/11\/IMG_35D0B667BF21-1-348x348.jpeg 348w\" sizes=\"(max-width: 150px) 100vw, 150px\" \/><\/figure><div class=\"uncode_star_rating display-block\"><div class=\"uncode-star-rating display-inline-block\"><span style=\"width:100%\"><\/span><\/div><\/div><span class=\"pullquote__content\">\u201cProper management of my investment portfolio is essential to the success of my business. A simple call with Mathieu can truly make all the difference!\u201d<\/span><span><small>S\u00e9bastien Robitaille. CEO Propulsion Sport<\/small><\/span><\/blockquote><\/div><\/div>\n\t\t\t\t\t<\/div>\n\t\t\t\t<\/div><\/div><\/div><div class=\"tmb tmb-carousel tmb-iso-h4 tmb-dark tmb-overlay-text-anim tmb-overlay-anim tmb-overlay-middle tmb-overlay-text-center tmb-image-anim tmb-id-145174  tmb-media-first tmb-media-last tmb-content-overlay tmb-no-bg tmb-lightbox\" ><div class=\"t-inside animate_when_almost_visible zoom-in\" data-delay=\"200\" data-speed=\"1000\"><div class=\"t-entry-visual\"><div class=\"t-entry-visual-tc\"><div class=\"t-entry-visual-cont\"><div class=\"t-entry-visual-overlay\"><div class=\"t-entry-visual-overlay-in style-light-bg\" style=\"opacity: 0.5;\"><\/div><\/div><div class=\"font-139798 h2 font-weight-400 fontheight-524109 regular-text object-size fluid-object\" style=\"padding-top: 100%\"><blockquote class=\"pullquote\"><figure class=\"gravatar\"><img decoding=\"async\" width=\"150\" height=\"150\" src=\"https:\/\/costasf.com\/wp-content\/uploads\/2024\/11\/IMG_4177D9289701-1-150x150.jpeg\" class=\"avatar\" alt=\"\" srcset=\"https:\/\/costasf.com\/wp-content\/uploads\/2024\/11\/IMG_4177D9289701-1-150x150.jpeg 150w, https:\/\/costasf.com\/wp-content\/uploads\/2024\/11\/IMG_4177D9289701-1-300x297.jpeg 300w, https:\/\/costasf.com\/wp-content\/uploads\/2024\/11\/IMG_4177D9289701-1-1024x1014.jpeg 1024w, https:\/\/costasf.com\/wp-content\/uploads\/2024\/11\/IMG_4177D9289701-1-768x761.jpeg 768w, https:\/\/costasf.com\/wp-content\/uploads\/2024\/11\/IMG_4177D9289701-1-350x347.jpeg 350w, https:\/\/costasf.com\/wp-content\/uploads\/2024\/11\/IMG_4177D9289701-1-348x348.jpeg 348w, https:\/\/costasf.com\/wp-content\/uploads\/2024\/11\/IMG_4177D9289701-1.jpeg 1179w\" sizes=\"(max-width: 150px) 100vw, 150px\" \/><\/figure><div class=\"uncode_star_rating display-block\"><div class=\"uncode-star-rating display-inline-block\"><span style=\"width:100%\"><\/span><\/div><\/div><span class=\"pullquote__content\">\u201cThank you, Mathieu, for your proactivity. We are very satisfied with the education savings plan and the life insurance for our child. Everyone should take advantage of these options from their child\u2019s earliest age.\u201d<\/span><span><small>St\u00e9phanie Bouchard. Remax Real Estate Broker.<\/small><\/span><\/blockquote><\/div><\/div>\n\t\t\t\t\t<\/div>\n\t\t\t\t<\/div><\/div><\/div><div class=\"tmb tmb-carousel tmb-iso-h4 tmb-dark tmb-overlay-text-anim tmb-overlay-anim tmb-overlay-middle tmb-overlay-text-center tmb-image-anim tmb-id-145172  tmb-media-first tmb-media-last tmb-content-overlay tmb-no-bg tmb-lightbox\" ><div class=\"t-inside animate_when_almost_visible zoom-in\" data-delay=\"200\" data-speed=\"1000\"><div class=\"t-entry-visual\"><div class=\"t-entry-visual-tc\"><div class=\"t-entry-visual-cont\"><div class=\"t-entry-visual-overlay\"><div class=\"t-entry-visual-overlay-in style-light-bg\" style=\"opacity: 0.5;\"><\/div><\/div><div class=\"font-139798 h2 font-weight-400 fontheight-524109 regular-text object-size fluid-object\" style=\"padding-top: 100%\"><blockquote class=\"pullquote\"><figure class=\"gravatar\"><img decoding=\"async\" width=\"150\" height=\"150\" src=\"https:\/\/costasf.com\/wp-content\/uploads\/2024\/11\/IMG_C85DE492EF84-1-e1730548469484-150x150.jpeg\" class=\"avatar\" alt=\"\" srcset=\"https:\/\/costasf.com\/wp-content\/uploads\/2024\/11\/IMG_C85DE492EF84-1-e1730548469484-150x150.jpeg 150w, https:\/\/costasf.com\/wp-content\/uploads\/2024\/11\/IMG_C85DE492EF84-1-e1730548469484-348x348.jpeg 348w\" sizes=\"(max-width: 150px) 100vw, 150px\" \/><\/figure><div class=\"uncode_star_rating display-block\"><div class=\"uncode-star-rating display-inline-block\"><span style=\"width:100%\"><\/span><\/div><\/div><span class=\"pullquote__content\">\u201cAs new parents, we discovered that there are several very advantageous insurance programs and products, especially when you enroll before your child\u2019s first birthday. Mathieu took the initiative to inform us and guide us toward the best solutions.\u201d<\/span><span><small>Raphael D. T\u00eatu. Remax Real Estate Broker.<\/small><\/span><\/blockquote><\/div><\/div>\n\t\t\t\t\t<\/div>\n\t\t\t\t<\/div><\/div><\/div>\t\t\t<\/div>\n\t\t\t\t\t<\/div>\n\n\t\n\t\n\t\n<\/div>\n\n<\/div><\/div><\/div><\/div><\/div><script id=\"script-row-unique-2\" data-row=\"script-row-unique-2\" type=\"text\/javascript\" class=\"vc_controls\">UNCODE.initRow(document.getElementById(\"row-unique-2\"));<\/script><\/div><\/div><\/div>\n<\/div>","protected":false},"excerpt":{"rendered":"Qui suis-je?Mon nom est Mathieu, conseiller en s\u00e9curit\u00e9 financi\u00e8re rattach\u00e9 au cabinet Boisclair Placements &amp; Assurances situ\u00e9 \u00e0 Saint-Lambert sur [...]","protected":false},"author":1,"featured_media":145201,"parent":0,"menu_order":0,"comment_status":"closed","ping_status":"closed","template":"","meta":{"_monsterinsights_skip_tracking":false,"_monsterinsights_sitenote_active":false,"_monsterinsights_sitenote_note":"","_monsterinsights_sitenote_category":0,"footnotes":""},"class_list":["post-18","page","type-page","status-publish","has-post-thumbnail","hentry"],"_links":{"self":[{"href":"https:\/\/costasf.com\/en\/wp-json\/wp\/v2\/pages\/18","targetHints":{"allow":["GET"]}}],"collection":[{"href":"https:\/\/costasf.com\/en\/wp-json\/wp\/v2\/pages"}],"about":[{"href":"https:\/\/costasf.com\/en\/wp-json\/wp\/v2\/types\/page"}],"author":[{"embeddable":true,"href":"https:\/\/costasf.com\/en\/wp-json\/wp\/v2\/users\/1"}],"replies":[{"embeddable":true,"href":"https:\/\/costasf.com\/en\/wp-json\/wp\/v2\/comments?post=18"}],"version-history":[{"count":84,"href":"https:\/\/costasf.com\/en\/wp-json\/wp\/v2\/pages\/18\/revisions"}],"predecessor-version":[{"id":145688,"href":"https:\/\/costasf.com\/en\/wp-json\/wp\/v2\/pages\/18\/revisions\/145688"}],"wp:featuredmedia":[{"embeddable":true,"href":"https:\/\/costasf.com\/en\/wp-json\/wp\/v2\/media\/145201"}],"wp:attachment":[{"href":"https:\/\/costasf.com\/en\/wp-json\/wp\/v2\/media?parent=18"}],"curies":[{"name":"wp","href":"https:\/\/api.w.org\/{rel}","templated":true}]}}