{"id":145233,"date":"2025-06-20T13:21:34","date_gmt":"2025-06-20T17:21:34","guid":{"rendered":"https:\/\/costasf.com\/?page_id=145233"},"modified":"2026-04-15T16:20:29","modified_gmt":"2026-04-15T20:20:29","slug":"entreprises","status":"publish","type":"page","link":"https:\/\/costasf.com\/en\/entreprises","title":{"rendered":"Services Financiers Aux Entreprises"},"content":{"rendered":"<div class=\"wpb-content-wrapper\"><div data-parent=\"true\" class=\"vc_row has-bg need-focus style-color-nhtu-bg row-container has-dividers boomapps_vcrow\" id=\"row-unique-0\"><div class=\"row-background background-element\">\n\t\t\t\t\t\t\t\t\t\t\t<div class=\"background-wrapper\">\n\t\t\t\t\t\t\t\t\t\t\t\t<div class=\"background-inner\" style=\"background-image: url(https:\/\/costasf.com\/wp-content\/uploads\/2025\/06\/pexels-burst-373965-scaled.jpg);background-repeat: no-repeat;background-position: center center;background-attachment: fixed;background-size: cover;\"><\/div>\n\t\t\t\t\t\t\t\t\t\t\t\t<div class=\"block-bg-overlay\" style=\"opacity: 0.5;\" data-bg-noise-1=\"#565656\" data-bg-noise-2=\"#ffffff\" data-bg-noise-speed=\"200\" data-bg-noise-size=\"1\"><span class=\"uncode-canvas-bg-noise-wrap\"><\/span><\/div>\n\t\t\t\t\t\t\t\t\t\t\t<\/div>\n\t\t\t\t\t\t\t\t\t\t<\/div><div class=\"uncode-divider-wrap uncode-divider-wrap-bottom z_index_0\" style=\"height: 65%; opacity: 0.65\" data-height=\"65\" data-unit=\"%\"><svg version=\"1.1\" class=\"uncode-row-divider uncode-row-divider-gradient\" x=\"0px\" y=\"0px\" width=\"240px\" height=\"24px\" viewbox=\"0 0 240 24\" enable-background=\"new 0 0 240 24\" xml:space=\"preserve\" preserveaspectratio=\"none\">\n\t\t<lineargradient id=\"svg-gradient-917719\" gradientunits=\"userSpaceOnUse\" x1=\"119.9995\" y1=\"0\" x2=\"119.9995\" y2=\"24.0005\">\n\t\t\t<stop  offset=\"0\" style=\"stop-color:#000000;stop-opacity:0\"\/>\n\t\t\t<stop  offset=\"1\" style=\"stop-color:#000000\"\/>\n\t\t<\/lineargradient>\n\t\t<path fill=\"url(#svg-gradient-917719)\" d=\"M240,24V0H0v24H240z\"\/>\n\t\t<\/svg><\/div><div class=\"row single-top-padding single-bottom-padding no-h-padding limit-width row-parent\" data-height-ratio=\"full\"><div class=\"wpb_row row-inner\"><div class=\"wpb_column pos-middle pos-center align_left column_parent col-lg-12 boomapps_vccolumn half-internal-gutter\"><div class=\"uncol style-spec style-dark\"  ><div class=\"uncoltable\"><div class=\"uncell  boomapps_vccolumn no-block-padding    parallax-el\" data-rellax-speed=\"2\"><div class=\"uncont\" ><div class=\"uncode-single-media  text-center animate_when_almost_visible zoom-in\" data-delay=\"200\"><div class=\"single-wrapper\" style=\"max-width: 21%;\"><div class=\"tmb tmb-light  tmb-media-first tmb-media-last tmb-content-overlay tmb-no-bg\"><div class=\"t-inside\"><div class=\"t-entry-visual\"><div class=\"t-entry-visual-tc\"><div class=\"uncode-single-media-wrapper\"><img decoding=\"async\" class=\"wp-image-141370\" src=\"https:\/\/costasf.com\/wp-content\/uploads\/2024\/08\/LOGOOFFICIAL2.png\" width=\"2120\" height=\"2120\" alt=\"\" srcset=\"https:\/\/costasf.com\/wp-content\/uploads\/2024\/08\/LOGOOFFICIAL2.png 2120w, https:\/\/costasf.com\/wp-content\/uploads\/2024\/08\/LOGOOFFICIAL2-300x300.png 300w, https:\/\/costasf.com\/wp-content\/uploads\/2024\/08\/LOGOOFFICIAL2-100x100.png 100w, https:\/\/costasf.com\/wp-content\/uploads\/2024\/08\/LOGOOFFICIAL2-600x600.png 600w, https:\/\/costasf.com\/wp-content\/uploads\/2024\/08\/LOGOOFFICIAL2-1024x1024.png 1024w, https:\/\/costasf.com\/wp-content\/uploads\/2024\/08\/LOGOOFFICIAL2-150x150.png 150w, https:\/\/costasf.com\/wp-content\/uploads\/2024\/08\/LOGOOFFICIAL2-768x768.png 768w, https:\/\/costasf.com\/wp-content\/uploads\/2024\/08\/LOGOOFFICIAL2-1536x1536.png 1536w, https:\/\/costasf.com\/wp-content\/uploads\/2024\/08\/LOGOOFFICIAL2-2048x2048.png 2048w, https:\/\/costasf.com\/wp-content\/uploads\/2024\/08\/LOGOOFFICIAL2-350x350.png 350w, https:\/\/costasf.com\/wp-content\/uploads\/2024\/08\/LOGOOFFICIAL2-348x348.png 348w, https:\/\/costasf.com\/wp-content\/uploads\/2024\/08\/LOGOOFFICIAL2-uai-720x720.png 720w\" sizes=\"(max-width: 2120px) 100vw, 2120px\" \/><\/div>\n\t\t\t\t\t<\/div>\n\t\t\t\t<\/div><\/div><\/div><\/div><\/div><div class=\"uncode-single-media  text-center animate_when_almost_visible bottom-t-top\" data-delay=\"400\"><div class=\"single-wrapper\" style=\"max-width: 90%;\"><div class=\"tmb tmb-light  tmb-media-first tmb-media-last tmb-content-overlay tmb-no-bg\"><div class=\"t-inside\"><div class=\"t-entry-visual\"><div class=\"t-entry-visual-tc\"><div class=\"uncode-single-media-wrapper\"><img decoding=\"async\" class=\"wp-image-145413\" src=\"https:\/\/costasf.com\/wp-content\/uploads\/2026\/01\/Services-financiers-aux-entreprises2-EN-scaled.png\" width=\"2560\" height=\"173\" alt=\"\" srcset=\"https:\/\/costasf.com\/wp-content\/uploads\/2026\/01\/Services-financiers-aux-entreprises2-EN-scaled.png 2560w, https:\/\/costasf.com\/wp-content\/uploads\/2026\/01\/Services-financiers-aux-entreprises2-EN-300x40.png 300w, https:\/\/costasf.com\/wp-content\/uploads\/2026\/01\/Services-financiers-aux-entreprises2-EN-1024x136.png 1024w, https:\/\/costasf.com\/wp-content\/uploads\/2026\/01\/Services-financiers-aux-entreprises2-EN-768x102.png 768w, https:\/\/costasf.com\/wp-content\/uploads\/2026\/01\/Services-financiers-aux-entreprises2-EN-1536x204.png 1536w, https:\/\/costasf.com\/wp-content\/uploads\/2026\/01\/Services-financiers-aux-entreprises2-EN-2048x272.png 2048w, https:\/\/costasf.com\/wp-content\/uploads\/2026\/01\/Services-financiers-aux-entreprises2-EN-18x2.png 18w, https:\/\/costasf.com\/wp-content\/uploads\/2026\/01\/Services-financiers-aux-entreprises2-EN-350x46.png 350w\" sizes=\"(max-width: 2560px) 100vw, 2560px\" \/><\/div>\n\t\t\t\t\t<\/div>\n\t\t\t\t<\/div><\/div><\/div><\/div><\/div><div class=\"empty-space empty-quad\" ><span class=\"empty-space-inner\"><\/span><\/div>\n<div class=\"empty-space empty-double\" ><span class=\"empty-space-inner\"><\/span><\/div>\n<\/div><\/div><\/div><\/div><\/div><script id=\"script-row-unique-0\" data-row=\"script-row-unique-0\" type=\"text\/javascript\" class=\"vc_controls\">UNCODE.initRow(document.getElementById(\"row-unique-0\"));<\/script><\/div><\/div><\/div><div data-parent=\"true\" class=\"vc_row has-bg need-focus style-color-750151-bg row-container boomapps_vcrow\" id=\"row-unique-1\"><div class=\"row unequal col-no-gutter no-top-padding single-bottom-padding single-h-padding limit-width row-parent\"><div class=\"wpb_row row-inner\"><div class=\"wpb_column pos-middle pos-left align_center column_parent col-lg-12 boomapps_vccolumn single-internal-gutter\"><div class=\"uncol style-light shift_y_neg_quad shift_y_fixed\"  ><div class=\"uncoltable\"><div class=\"uncell  boomapps_vccolumn double-block-padding style-accent-bg has-bg unshadow-darker-xs unradius-sm\" ><div class=\"uncont\" ><div class=\"vc_custom_heading_wrap\"><div class=\"heading-text el-text perspective animate_inner_when_almost_visible el-text-split\" data-delay=\"200\"><h2 class=\"custom fontheight-357766 fontspace-389486 font-weight-800 text-color-xsdn-color fontsize-280613-custom font-size-custom font-obs translation-block\" data-style=\"normal\" data-weight=\"800\" data-font=\"Raleway\">An approach focused on success and security<\/h2><\/div><div class=\"clear\"><\/div><\/div><div class=\"uncode_text_column text-lead text-color-xsdn-color left-t-right animate_when_almost_visible\" data-delay=\"300\"><\/p>\n<h5><span style=\"color: #ffffff;\">My goal is simple: to drive business success while ensuring financial security. Whether it\u2019s protecting your partners, your income, or the continuity of your business, I support you with tailored solutions focused on growth, performance, and peace of mind.<\/span><\/h5>\n<p>\n<\/div><\/div><\/div><\/div><\/div><\/div><script id=\"script-row-unique-1\" data-row=\"script-row-unique-1\" type=\"text\/javascript\" class=\"vc_controls\">UNCODE.initRow(document.getElementById(\"row-unique-1\"));<\/script><\/div><\/div><\/div><div data-parent=\"true\" class=\"vc_row has-bg need-focus style-color-750151-bg row-container has-dividers boomapps_vcrow\" id=\"row-unique-2\"><div class=\"uncode-divider-wrap uncode-divider-wrap-bottom z_index_0\" style=\"height: 10px;\" data-height=\"10\" data-unit=\"px\"><svg version=\"1.1\" class=\"uncode-row-divider uncode-row-divider-gradient-soft\" x=\"0px\" y=\"0px\" width=\"240px\" height=\"24px\" viewbox=\"0 0 240 24\" enable-background=\"new 0 0 240 24\" xml:space=\"preserve\" preserveaspectratio=\"none\">\n\t\t\t<lineargradient id=\"svg-gradient-193805\" gradientunits=\"userSpaceOnUse\" x1=\"120\" y1=\"0\" x2=\"120\" y2=\"34\">\n\t\t\t\t<stop  offset=\"0\" style=\"stop-color:#003366;stop-opacity:0\"\/>\n\t\t\t\t<stop  offset=\"1\" style=\"stop-color:#003366\"\/>\n\t\t\t<\/lineargradient>\n\t\t\t<path fill=\"url(#svg-gradient-193805)\" d=\"M240,24V0H0v24H240z\"\/>\n\t\t\t<\/svg><\/div><div class=\"row single-top-padding single-bottom-padding double-h-padding limit-width row-parent\"><div class=\"wpb_row row-inner\"><div class=\"wpb_column pos-top pos-center align_left column_parent col-lg-12 boomapps_vccolumn single-internal-gutter\"><div class=\"uncol style-light\"  ><div class=\"uncoltable\"><div class=\"uncell  boomapps_vccolumn no-block-padding\" ><div class=\"uncont\" ><div class=\"vc_row row-internal row-container boomapps_vcrow\"><div class=\"row col-double-gutter row-child\"><div class=\"wpb_row row-inner\"><div class=\"wpb_column pos-top pos-center align_left column_child col-lg-4 boomapps_vccolumn single-internal-gutter\"><div class=\"uncol style-light\" ><div class=\"uncoltable\"><div class=\"uncell  boomapps_vccolumn no-block-padding\" ><div class=\"uncont\" ><div class=\"animate_when_almost_visible right-t-left icon-box icon-box-top\" data-speed=\"1000\"><div class=\"icon-box-icon fa-container\"><span class=\"text-color-482803-color btn-disable-hover\"><i class=\"fa fa-balance-scale fa-4x fa-fw\"><\/i><\/span><\/div><div class=\"icon-box-content\"><div class=\"icon-box-heading icon-box-fa-4x\"><h3 class=\"h3 font-weight-700 fontheight-179065\">Tax optimization<\/h3><\/div><h5><span style=\"color: #666666;\">Effective strategies that help you minimize your tax burden.<\/span><\/h5>\n<p class=\"text-lead\">\n<\/div><\/div><div class=\"animate_when_almost_visible right-t-left icon-box icon-box-top\" data-delay=\"300\" data-speed=\"1000\"><div class=\"icon-box-icon fa-container\"><span class=\"text-color-482803-color btn-disable-hover\"><i class=\"fa fa-line-chart fa-4x fa-fw\"><\/i><\/span><\/div><div class=\"icon-box-content\"><div class=\"icon-box-heading icon-box-fa-4x\"><h3 class=\"font-139798 h3 font-weight-700 fontheight-179065\">Private management<\/h3><\/div><h5><span style=\"color: #666666;\">Proactive management of your assets.<\/span><\/h5>\n<\/div><\/div><\/div><\/div><\/div><\/div><\/div><div class=\"wpb_column pos-top pos-center align_left column_child col-lg-4 boomapps_vccolumn single-internal-gutter\"><div class=\"uncol style-light\" ><div class=\"uncoltable\"><div class=\"uncell  boomapps_vccolumn no-block-padding\" ><div class=\"uncont\" ><div class=\"animate_when_almost_visible right-t-left icon-box icon-box-top\" data-delay=\"100\" data-speed=\"1000\"><div class=\"icon-box-icon fa-container\"><span class=\"text-color-482803-color btn-disable-hover\"><i class=\"fa fa-credit-card-alt fa-4x fa-fw\"><\/i><\/span><\/div><div class=\"icon-box-content\"><div class=\"icon-box-heading icon-box-fa-4x\"><h3 class=\"font-139798 h3 font-weight-700 fontheight-179065\">Cover your debts<\/h3><\/div><h5><span style=\"color: #666666;\">Protect outstanding debts, such as loans and lines of credit.<\/span><\/h5>\n<p class=\"text-top-reduced text-lead\">\n<\/div><\/div><div class=\"animate_when_almost_visible right-t-left icon-box icon-box-top\" data-delay=\"400\" data-speed=\"1000\"><div class=\"icon-box-icon fa-container\"><span class=\"text-color-482803-color btn-disable-hover\"><i class=\"fa fa-group fa-4x fa-fw\"><\/i><\/span><\/div><div class=\"icon-box-content\"><div class=\"icon-box-heading icon-box-fa-4x\"><h3 class=\"font-139798 h3 font-weight-700 fontheight-179065\">Group insurance<\/h3><\/div><h5><span style=\"color: #666666;\">Create a stable and motivating environment for your employees.<\/span><\/h5>\n<\/div><\/div><\/div><\/div><\/div><\/div><\/div><div class=\"wpb_column pos-top pos-center align_left column_child col-lg-4 boomapps_vccolumn single-internal-gutter\"><div class=\"uncol style-light\" ><div class=\"uncoltable\"><div class=\"uncell  boomapps_vccolumn no-block-padding\" ><div class=\"uncont\" ><div class=\"animate_when_almost_visible right-t-left icon-box icon-box-top\" data-delay=\"200\" data-speed=\"1000\"><div class=\"icon-box-icon fa-container\"><span class=\"text-color-482803-color btn-disable-hover\"><i class=\"fa fa-user-plus fa-4x fa-fw\"><\/i><\/span><\/div><div class=\"icon-box-content\"><div class=\"icon-box-heading icon-box-fa-4x\"><h3 class=\"h3 font-weight-700 fontheight-179065\">Key employee protection<\/h3><\/div><h5><span style=\"color: #666666;\">Make sure to protect your key employees.<\/span><\/h5>\n<p class=\"text-top-reduced text-lead\">\n<\/div><\/div><div class=\"animate_when_almost_visible right-t-left icon-box icon-box-top\" data-delay=\"500\" data-speed=\"1000\"><div class=\"icon-box-icon fa-container\"><span class=\"text-color-482803-color btn-disable-hover\"><i class=\"fa fa-cubes fa-4x fa-fw\"><\/i><\/span><\/div><div class=\"icon-box-content\"><div class=\"icon-box-heading icon-box-fa-4x\"><h3 class=\"font-139798 h3 font-weight-700 fontheight-179065\">Buy-sell agreement<\/h3><\/div><h5><span style=\"color: #666666;\">J&rsquo;assure la continuit\u00e9 de votre entreprise de mani\u00e8re efficace et structur\u00e9e.<\/span><\/h5>\n<\/div><\/div><\/div><\/div><\/div><\/div><\/div><\/div><\/div><\/div><\/div><\/div><\/div><\/div><\/div><script id=\"script-row-unique-2\" data-row=\"script-row-unique-2\" type=\"text\/javascript\" class=\"vc_controls\">UNCODE.initRow(document.getElementById(\"row-unique-2\"));<\/script><\/div><\/div><\/div><div data-parent=\"true\" class=\"vc_row has-bg need-focus style-color-105898-bg row-container boomapps_vcrow\" id=\"row-unique-3\"><div class=\"row double-top-padding double-bottom-padding single-h-padding limit-width row-parent\"><div class=\"wpb_row row-inner\"><div class=\"wpb_column pos-top pos-center align_left column_parent col-lg-12 boomapps_vccolumn single-internal-gutter\"><div class=\"uncol style-spec style-dark animate_when_almost_visible left-t-right\"  data-delay=\"100\" data-speed=\"1000\"><div class=\"uncoltable\"><div class=\"uncell  boomapps_vccolumn no-block-padding\" ><div class=\"uncont\" ><div class=\"vc_custom_heading_wrap\"><div class=\"heading-text el-text\" ><h2 class=\"custom fontspace-389486 font-weight-800 fontsize-244911-custom font-size-custom\" ><span><span style=\"color: #cc9900;\">|<\/span> Qualified expertise<\/span><\/h2><\/div><div class=\"clear\"><\/div><\/div><div class=\"vc_custom_heading_wrap\"><div class=\"heading-text el-text\" ><h2 class=\"custom font-weight-800 fontsize-100240-custom font-size-custom\" ><span>At<span style=\"color: #cc9900;\"> Costa Services Financiers, <\/span>we understand and master the financial challenges specific to growing businesses.<\/span><\/h2><\/div><div class=\"clear\"><\/div><\/div><div class=\"vc_custom_heading_wrap\"><div class=\"heading-text el-text\" ><h2 class=\"custom fontheight-357766 font-weight-700 fontsize-728616-custom font-size-custom\" ><span>Growing a business is exciting, but it also comes with important financial decisions. That\u2019s exactly where we come in\u2014to support and guide you by creating plans tailored to your reality. Our mission? To help you achieve your goals with confidence while ensuring the protection and growth of your assets.<\/span><\/h2><\/div><div class=\"clear\"><\/div><\/div><\/div><\/div><\/div><\/div><\/div><script id=\"script-row-unique-3\" data-row=\"script-row-unique-3\" type=\"text\/javascript\" class=\"vc_controls\">UNCODE.initRow(document.getElementById(\"row-unique-3\"));<\/script><\/div><\/div><\/div><div data-parent=\"true\" class=\"vc_row has-bg need-focus style-color-xsdn-bg row-container has-dividers boomapps_vcrow\" id=\"row-unique-4\"><div class=\"uncode-divider-wrap uncode-divider-wrap-top z_index_0\" style=\"height: 10px;\" data-height=\"10\" data-unit=\"px\"><svg version=\"1.1\" class=\"uncode-row-divider uncode-row-divider-gradient-soft\" x=\"0px\" y=\"0px\" width=\"240px\" height=\"24px\" viewbox=\"0 0 240 24\" enable-background=\"new 0 0 240 24\" xml:space=\"preserve\" preserveaspectratio=\"none\">\n\t\t\t<lineargradient id=\"svg-gradient-131966\" gradientunits=\"userSpaceOnUse\" x1=\"120\" y1=\"0\" x2=\"120\" y2=\"34\">\n\t\t\t\t<stop  offset=\"0\" style=\"stop-color:#003366;stop-opacity:0\"\/>\n\t\t\t\t<stop  offset=\"1\" style=\"stop-color:#003366\"\/>\n\t\t\t<\/lineargradient>\n\t\t\t<path fill=\"url(#svg-gradient-131966)\" d=\"M240,24V0H0v24H240z\"\/>\n\t\t\t<\/svg><\/div><div class=\"row double-top-padding double-bottom-padding single-h-padding limit-width row-parent\"><div class=\"wpb_row row-inner\"><div class=\"wpb_column pos-top pos-center align_left column_parent col-lg-12 boomapps_vccolumn single-internal-gutter\"><div class=\"uncol style-light animate_when_almost_visible right-t-left\"  data-delay=\"200\" data-speed=\"1000\"><div class=\"uncoltable\"><div class=\"uncell  boomapps_vccolumn no-block-padding\" ><div class=\"uncont\" ><div class=\"vc_custom_heading_wrap\"><div class=\"heading-text el-text\" ><h2 class=\"custom fontspace-389486 font-weight-800 fontsize-396909-custom font-size-custom\" ><span>L&rsquo;excellence \u00e0 chaque \u00e9tape<\/span><\/h2><\/div><div class=\"clear\"><\/div><\/div><div class=\"vc_custom_heading_wrap\"><div class=\"heading-text el-text\" ><h2 class=\"custom fontheight-357766 font-weight-700 fontsize-934281-custom font-size-custom\" ><span>At <span style=\"color: #cc9900;\">Costa Services Financiers<\/span>, nous prenons \u00e0 coeur le service que nous offrons. C&rsquo;est ce qui nous distingue de nos comp\u00e9titeurs. Nous nous engageons \u00e0 vous offrir un service incomparable en prenant le temps d&rsquo;analyser chacune des entreprises afin de bien comprendre votre situation actuelle. Apr\u00e8s la mise en place d&rsquo;un plan solide, nous veillons \u00e0 effectuer un suivi rigoureux afin d&rsquo;assurer que vos objectifs demeurent align\u00e9s avec votre situation financi\u00e8re actuelle.<\/span><\/h2><\/div><div class=\"clear\"><\/div><\/div><div class=\"vc_custom_heading_wrap\"><div class=\"heading-text el-text\" ><h2 class=\"custom fontheight-357766 font-weight-700 fontsize-595035-custom font-size-custom\" ><span>By entrusting your finances to <span style=\"color: #cc9900;\">Costa Services Financiers,<\/span> you choose a trusted partner to support you over the long term on your path to business financial success.<\/span><\/h2><\/div><div class=\"clear\"><\/div><\/div><div class=\"vc_custom_heading_wrap\"><div class=\"heading-text el-text\" ><\/p>\n<h1><strong><span style=\"color: #cc9900;\">\u203e\u203e\u203e\u203e\u203e\u203e\u203e\u203e\u203e\u203e\u203e\u203e\u203e\u203e\u203e\u203e\u203e\u203e\u203e\u203e\u203e<\/span><\/strong><\/h1>\n<p>\n<\/div><div class=\"clear\"><\/div><\/div><div class=\"vc_custom_heading_wrap\"><div class=\"heading-text el-text\" ><h2 class=\"custom font-weight-800 fontsize-148134-custom font-size-custom\" ><i><span>On vous propose ce qu&rsquo;il y a de mieux !<\/span><\/i><\/h2><\/div><div class=\"clear\"><\/div><\/div><div class=\"vc_custom_heading_wrap\"><div class=\"heading-text el-text\" ><h2 class=\"custom fontheight-357766 font-weight-700 fontsize-147247-custom font-size-custom\" ><span>At <span style=\"color: #cc9900;\">Costa Services Financiers<\/span>, we are 100% independent. Free from any institutional influence, we select the most effective solutions based on your unique situation.<\/span><\/h2><\/div><div class=\"clear\"><\/div><\/div><div class=\"vc_custom_heading_wrap\"><div class=\"heading-text el-text\" ><h2 class=\"custom fontheight-357766 font-weight-700 fontsize-125496-custom font-size-custom\" ><span>Because financial success requires a well-thought-out strategy, you benefit from guidance focused on your goals, supported by a network of dedicated specialists.<\/span><\/h2><\/div><div class=\"clear\"><\/div><\/div><\/div><\/div><\/div><\/div><\/div><script id=\"script-row-unique-4\" data-row=\"script-row-unique-4\" type=\"text\/javascript\" class=\"vc_controls\">UNCODE.initRow(document.getElementById(\"row-unique-4\"));<\/script><\/div><\/div><\/div><div data-parent=\"true\" class=\"vc_row has-bg need-focus style-color-xsdn-bg row-container boomapps_vcrow\" id=\"row-unique-5\"><div class=\"row unequal col-no-gutter no-top-padding single-bottom-padding single-h-padding limit-width row-parent\"><div class=\"wpb_row row-inner\"><div class=\"wpb_column pos-middle pos-center align_center column_parent col-lg-12 boomapps_vccolumn single-internal-gutter\"><div class=\"uncol style-light\"  ><div class=\"uncoltable\"><div class=\"uncell  boomapps_vccolumn single-block-padding style-color-xsdn-bg has-bg\" ><div class=\"uncont\" ><div class=\"vc_row style-color-xsdn-bg row-internal row-container boomapps_vcrow\"><div class=\"row col-triple-gutter row-child\"><div class=\"wpb_row row-inner\"><div class=\"wpb_column pos-middle pos-center align_center column_child col-lg-6 boomapps_vccolumn single-internal-gutter\"><div class=\"uncol style-spec style-dark animate_when_almost_visible zoom-in\" data-speed=\"1000\"><div class=\"uncoltable\"><div class=\"uncell  boomapps_vccolumn single-block-padding style-accent-bg unshadow-darker-xs unradius-lg\" ><div class=\"uncont\" ><div class=\"icon-box icon-box-top\" ><div class=\"icon-box-icon fa-container\"><a role=\"button\" href=\"https:\/\/costasf.com\/en\/assurances\/\" class=\"fa fa-stack fa-3x btn-default fa-squared btn-outline icon-animated custom-link\"><span class=\"icon-automatic-video icon-automatic-fa-3x icon-animated btn-outline btn-default\"><span class=\"icon-automatic-video-inner-bg\"><\/span><span class=\"icon-automatic-video-outer-bg\"><\/span><\/span><i class=\"fa fa-shield\"><\/i><\/a><\/div><div class=\"icon-box-content\"><div class=\"icon-box-heading icon-box-fa-3x-back\"><h3 class=\"h2 font-weight-800\"><a role=\"button\" href=\"https:\/\/costasf.com\/en\/assurances\/\">Insurance<\/a><\/h3><\/div><\/div><\/div><\/div><\/div><\/div><\/div><\/div><div class=\"wpb_column pos-middle pos-center align_center column_child col-lg-6 boomapps_vccolumn single-internal-gutter\"><div class=\"uncol style-spec style-dark animate_when_almost_visible zoom-in\" data-delay=\"100\" data-speed=\"1000\"><div class=\"uncoltable\"><div class=\"uncell  boomapps_vccolumn single-block-padding style-accent-bg unshadow-darker-xs unradius-lg\" ><div class=\"uncont\" ><div class=\"icon-box icon-box-top\" ><div class=\"icon-box-icon fa-container\"><a role=\"button\" href=\"https:\/\/costasf.com\/en\/placements\/\" class=\"fa fa-stack fa-3x btn-default fa-squared btn-outline icon-animated custom-link\"><span class=\"icon-automatic-video icon-automatic-fa-3x icon-animated btn-outline btn-default\"><span class=\"icon-automatic-video-inner-bg\"><\/span><span class=\"icon-automatic-video-outer-bg\"><\/span><\/span><i class=\"fa fa-line-chart\"><\/i><\/a><\/div><div class=\"icon-box-content\"><div class=\"icon-box-heading icon-box-fa-3x-back\"><h3 class=\"h2 font-weight-800\"><a role=\"button\" href=\"https:\/\/costasf.com\/en\/placements\/\">Investments<\/a><\/h3><\/div><\/div><\/div><\/div><\/div><\/div><\/div><\/div><\/div><\/div><\/div><\/div><\/div><\/div><\/div><\/div><script id=\"script-row-unique-5\" data-row=\"script-row-unique-5\" type=\"text\/javascript\" class=\"vc_controls\">UNCODE.initRow(document.getElementById(\"row-unique-5\"));<\/script><\/div><\/div><\/div><div data-parent=\"true\" class=\"vc_row has-bg need-focus style-color-xsdn-bg row-container boomapps_vcrow\" id=\"row-unique-6\"><div class=\"row single-top-padding triple-bottom-padding single-h-padding limit-width row-parent\"><div class=\"wpb_row row-inner\"><div class=\"wpb_column pos-top pos-center align_center column_parent col-lg-12 boomapps_vccolumn single-internal-gutter\"><div class=\"uncol style-light\"  ><div class=\"uncoltable\"><div class=\"uncell  boomapps_vccolumn no-block-padding\" ><div class=\"uncont\" ><span class=\"btn-container animate_when_almost_visible zoom-in\" data-speed=\"1000\"><a role=\"button\"  href=\"https:\/\/costasf.com\/en\/reservations\/\" class=\"custom-link btn btn-xl btn-custom-typo font-139798 font-weight-900 text-uppercase no-letterspace border-width-0 btn-accent btn-flat btn-shadow btn-shadow-lg btn-icon-left btn-ripple-out btn-border-animated\" title=\"Contact\"><i class=\"fa fa-calendar-check-o\"><\/i>Prenez rendez-vous d\u00e8s aujourd&rsquo;hui<\/a><\/span><\/div><\/div><\/div><\/div><\/div><script id=\"script-row-unique-6\" data-row=\"script-row-unique-6\" type=\"text\/javascript\" class=\"vc_controls\">UNCODE.initRow(document.getElementById(\"row-unique-6\"));<\/script><\/div><\/div><\/div>\n<\/div>","protected":false},"excerpt":{"rendered":"Une&nbsp;approche&nbsp;ax\u00e9e&nbsp;sur&nbsp;la&nbsp;r\u00e9ussite&nbsp;et&nbsp;la&nbsp;s\u00e9curit\u00e9Mon objectif est simple : propulser la r\u00e9ussite des entreprises tout en assurant leur s\u00e9curit\u00e9 financi\u00e8re. Que ce soit pour [...]","protected":false},"author":1,"featured_media":0,"parent":0,"menu_order":0,"comment_status":"closed","ping_status":"closed","template":"","meta":{"_monsterinsights_skip_tracking":false,"_monsterinsights_sitenote_active":false,"_monsterinsights_sitenote_note":"","_monsterinsights_sitenote_category":0,"footnotes":""},"class_list":["post-145233","page","type-page","status-publish","hentry"],"_links":{"self":[{"href":"https:\/\/costasf.com\/en\/wp-json\/wp\/v2\/pages\/145233","targetHints":{"allow":["GET"]}}],"collection":[{"href":"https:\/\/costasf.com\/en\/wp-json\/wp\/v2\/pages"}],"about":[{"href":"https:\/\/costasf.com\/en\/wp-json\/wp\/v2\/types\/page"}],"author":[{"embeddable":true,"href":"https:\/\/costasf.com\/en\/wp-json\/wp\/v2\/users\/1"}],"replies":[{"embeddable":true,"href":"https:\/\/costasf.com\/en\/wp-json\/wp\/v2\/comments?post=145233"}],"version-history":[{"count":146,"href":"https:\/\/costasf.com\/en\/wp-json\/wp\/v2\/pages\/145233\/revisions"}],"predecessor-version":[{"id":145699,"href":"https:\/\/costasf.com\/en\/wp-json\/wp\/v2\/pages\/145233\/revisions\/145699"}],"wp:attachment":[{"href":"https:\/\/costasf.com\/en\/wp-json\/wp\/v2\/media?parent=145233"}],"curies":[{"name":"wp","href":"https:\/\/api.w.org\/{rel}","templated":true}]}}