{"id":142489,"date":"2024-09-08T19:45:31","date_gmt":"2024-09-08T23:45:31","guid":{"rendered":"https:\/\/costasf.com\/?page_id=142489"},"modified":"2026-04-15T15:59:43","modified_gmt":"2026-04-15T19:59:43","slug":"placements","status":"publish","type":"page","link":"https:\/\/costasf.com\/en\/placements","title":{"rendered":"Investments"},"content":{"rendered":"<div class=\"wpb-content-wrapper\"><div data-parent=\"true\" class=\"vc_row row-container boomapps_vcrow\" id=\"row-unique-0\"><div class=\"row single-top-padding single-bottom-padding triple-h-padding full-width row-parent\"><div class=\"wpb_row row-inner\"><div class=\"wpb_column pos-top pos-center align_left column_parent col-lg-12 boomapps_vccolumn single-internal-gutter\"><div class=\"uncol style-light\"  ><div class=\"uncoltable\"><div class=\"uncell  boomapps_vccolumn no-block-padding\" ><div class=\"uncont\" ><div class=\"vc_custom_heading_wrap\"><div class=\"heading-text el-text zoom-in animate_when_almost_visible\" data-delay=\"200\"><h3 class=\"fontsize-155944\" ><span>Investments<\/span><\/h3><\/div><div class=\"clear\"><\/div><\/div><\/div><\/div><\/div><\/div><\/div><script id=\"script-row-unique-0\" data-row=\"script-row-unique-0\" type=\"text\/javascript\" class=\"vc_controls\">UNCODE.initRow(document.getElementById(\"row-unique-0\"));<\/script><\/div><\/div><\/div><div data-parent=\"true\" class=\"vc_row row-container boomapps_vcrow\" id=\"row-unique-1\"><div class=\"row-background background-element\">\n\t\t\t\t\t\t\t\t\t\t\t<div class=\"background-wrapper\">\n\t\t\t\t\t\t\t\t\t\t\t\t<div class=\"background-inner\" style=\"background-image: url(https:\/\/costasf.com\/wp-content\/uploads\/2024\/09\/iStock-1923329464-scaled.jpg);background-repeat: no-repeat;background-position: center center;background-attachment: scroll;background-size: cover;\"><\/div>\n\t\t\t\t\t\t\t\t\t\t\t\t\n\t\t\t\t\t\t\t\t\t\t\t<\/div>\n\t\t\t\t\t\t\t\t\t\t<\/div><div class=\"row col-no-gutter single-top-padding penta-bottom-padding triple-h-padding limit-width row-parent\"><div class=\"wpb_row row-inner\"><div class=\"wpb_column pos-top pos-center align_left align_left_mobile column_parent col-lg-12 boomapps_vccolumn single-internal-gutter\"><div class=\"uncol style-light unexpand animate_when_almost_visible left-t-right\"  data-delay=\"200\"><div class=\"uncoltable\"><div class=\"uncell  boomapps_vccolumn no-block-padding    parallax-el\" data-rellax-percentage=\"0.5\" data-rellax-speed=\"2\"><div class=\"uncont\" ><div class=\"vc_custom_heading_wrap\"><div class=\"heading-text el-text\" ><h3 class=\"custom fontheight-524109 fontspace-781688 font-weight-500 text-color-xsdn-color fontsize-915251-custom font-size-custom badge-style unradius-std style-accent-bg\" ><span>Investing<br \/><\/span><span>aujourd&rsquo;hui,<br \/><\/span><span>c&rsquo;est b\u00e2tir<br \/><\/span><span>your future<br \/><\/span><span>tomorrow.<\/span><\/h3><\/div><div class=\"clear\"><\/div><\/div><div class=\"empty-space empty-quad\" ><span class=\"empty-space-inner\"><\/span><\/div>\n<div class=\"empty-space empty-triple\" ><span class=\"empty-space-inner\"><\/span><\/div>\n<\/div><\/div><\/div><\/div><\/div><script id=\"script-row-unique-1\" data-row=\"script-row-unique-1\" type=\"text\/javascript\" class=\"vc_controls\">UNCODE.initRow(document.getElementById(\"row-unique-1\"));<\/script><\/div><\/div><\/div><div data-parent=\"true\" class=\"vc_row row-container boomapps_vcrow\" style=\"z-index: 2;\" id=\"row-unique-2\"><div class=\"row triple-top-padding double-bottom-padding double-h-padding limit-width row-parent\"><div class=\"wpb_row row-inner\"><div class=\"wpb_column pos-top pos-center align_center column_parent col-lg-12 boomapps_vccolumn single-internal-gutter\"><div class=\"uncol style-spec style-dark\"  ><div class=\"uncoltable\"><div class=\"uncell  boomapps_vccolumn double-block-padding style-accent-bg has-bg unshadow-lg unradius-std\" ><div class=\"uncont\" ><div class=\"vc_custom_heading_wrap\"><div class=\"heading-text el-text top-t-bottom animate_when_almost_visible\" data-delay=\"200\"><h6 class=\"custom fontspace-210350 font-weight-900 fontsize-207493-custom font-size-custom text-uppercase\" ><span>Mutual Funds<\/span><\/h6><\/div><div class=\"clear\"><\/div><\/div><div class=\"divider-wrapper\"  >\n    <hr class=\"unseparator border-,Default-color separator-no-padding\"  \/>\n<\/div>\n<div class=\"vc_row row-internal row-container boomapps_vcrow\"><div class=\"row col-double-gutter row-child\"><div class=\"wpb_row row-inner\"><div class=\"wpb_column pos-top pos-center align_left align_center_tablet align_center_mobile column_child col-lg-6 boomapps_vccolumn single-internal-gutter\"><div class=\"uncol style-spec style-dark\" ><div class=\"uncoltable\"><div class=\"uncell  boomapps_vccolumn no-block-padding\" ><div class=\"uncont\" ><div class=\"uncode_text_column text-lead bottom-t-top animate_when_almost_visible\" data-delay=\"300\"><p><strong data-start=\"92\" data-end=\"126\">Mutual funds<\/strong> are offered by financial institutions and allow you to invest your money in a diversified portfolio of securities (stocks, bonds, etc.) managed by professionals.<\/p>\n<\/div><\/div><\/div><\/div><\/div><\/div><\/div><\/div><\/div><div class=\"vc_row row-internal row-container boomapps_vcrow\"><div class=\"row row-child\"><div class=\"wpb_row row-inner\"><div class=\"wpb_column pos-top pos-center align_left column_child col-lg-3 boomapps_vccolumn single-internal-gutter\"><div class=\"uncol style-spec style-dark\" ><div class=\"uncoltable\"><div class=\"uncell  boomapps_vccolumn no-block-padding\" ><div class=\"uncont\" ><div class=\"animate_when_almost_visible zoom-in icon-box icon-box-top\" data-delay=\"100\"><div class=\"icon-box-icon fa-container\"><span class=\"text-default-color btn-disable-hover\"><i class=\"fa fa-pie-chart fa-4x fa-fw\"><\/i><\/span><\/div><div class=\"icon-box-content\"><div class=\"icon-box-heading icon-box-fa-4x\"><h3 class=\"h3\">Portfolio diversification<\/h3><\/div><p class=\"text-lead\">Your money is spread across multiple securities and sectors, helping to reduce risk compared to a single investment.<\/p>\n<\/div><\/div><\/div><\/div><\/div><\/div><\/div><div class=\"wpb_column pos-top pos-center align_left column_child col-lg-3 boomapps_vccolumn single-internal-gutter\"><div class=\"uncol style-spec style-dark\" ><div class=\"uncoltable\"><div class=\"uncell  boomapps_vccolumn no-block-padding\" ><div class=\"uncont\" ><div class=\"animate_when_almost_visible zoom-in icon-box icon-box-top\" data-delay=\"200\"><div class=\"icon-box-icon fa-container\"><span class=\"text-default-color btn-disable-hover\"><i class=\"fa fa-edit fa-4x fa-fw\"><\/i><\/span><\/div><div class=\"icon-box-content\"><div class=\"icon-box-heading icon-box-fa-4x\"><h3 class=\"h3\">Professional management<\/h3><\/div><p class=\"text-lead\">The funds are managed by experts who analyze the markets and make decisions based on rigorous investment strategies.<\/p>\n<\/div><\/div><\/div><\/div><\/div><\/div><\/div><div class=\"wpb_column pos-top pos-center align_left column_child col-lg-3 boomapps_vccolumn single-internal-gutter\"><div class=\"uncol style-spec style-dark\" ><div class=\"uncoltable\"><div class=\"uncell  boomapps_vccolumn no-block-padding\" ><div class=\"uncont\" ><div class=\"animate_when_almost_visible zoom-in icon-box icon-box-top\" data-delay=\"300\"><div class=\"icon-box-icon fa-container\"><span class=\"text-default-color btn-disable-hover\"><i class=\"fa fa-key fa-4x fa-fw\"><\/i><\/span><\/div><div class=\"icon-box-content\"><div class=\"icon-box-heading icon-box-fa-4x\"><h3 class=\"h3\">Accessibility and simplicity<\/h3><\/div><p class=\"text-lead\">Mutual funds allow you to invest with affordable amounts and offer a turnkey solution, without complex management for the investor.<\/p>\n<\/div><\/div><\/div><\/div><\/div><\/div><\/div><div class=\"wpb_column pos-top pos-center align_left column_child col-lg-3 boomapps_vccolumn single-internal-gutter\"><div class=\"uncol style-spec style-dark\" ><div class=\"uncoltable\"><div class=\"uncell  boomapps_vccolumn no-block-padding\" ><div class=\"uncont\" ><div class=\"animate_when_almost_visible zoom-in icon-box icon-box-top\" data-delay=\"400\"><div class=\"icon-box-icon fa-container\"><span class=\"text-default-color btn-disable-hover\"><i class=\"fa fa-unlock fa-4x fa-fw\"><\/i><\/span><\/div><div class=\"icon-box-content\"><div class=\"icon-box-heading icon-box-fa-4x\"><h3 class=\"h3\">Flexibility and adaptability<\/h3><\/div><p class=\"text-lead\">You can invest gradually, adjust your contributions, or withdraw your funds as needed, while choosing options tailored to your investor profile.<\/p>\n<\/div><\/div><\/div><\/div><\/div><\/div><\/div><\/div><\/div><\/div><\/div><\/div><\/div><\/div><\/div><script id=\"script-row-unique-2\" data-row=\"script-row-unique-2\" type=\"text\/javascript\" class=\"vc_controls\">UNCODE.initRow(document.getElementById(\"row-unique-2\"));<\/script><\/div><\/div><\/div><div data-parent=\"true\" class=\"vc_row row-container boomapps_vcrow\" style=\"z-index: 2;\" id=\"row-unique-3\"><div class=\"row single-top-padding double-bottom-padding double-h-padding limit-width row-parent\"><div class=\"wpb_row row-inner\"><div class=\"wpb_column pos-top pos-center align_center column_parent col-lg-12 boomapps_vccolumn single-internal-gutter\"><div class=\"uncol style-spec style-dark\"  ><div class=\"uncoltable\"><div class=\"uncell  boomapps_vccolumn double-block-padding style-accent-bg has-bg unshadow-lg unradius-std\" ><div class=\"uncont\" ><div class=\"vc_custom_heading_wrap\"><div class=\"heading-text el-text top-t-bottom animate_when_almost_visible\" data-delay=\"200\"><h6 class=\"custom fontspace-210350 font-weight-900 fontsize-722004-custom font-size-custom text-uppercase\" ><span>Segregated Funds<\/span><\/h6><\/div><div class=\"clear\"><\/div><\/div><div class=\"divider-wrapper\"  >\n    <hr class=\"unseparator border-,Default-color separator-no-padding\"  \/>\n<\/div>\n<div class=\"vc_row row-internal row-container boomapps_vcrow\"><div class=\"row col-double-gutter row-child\"><div class=\"wpb_row row-inner\"><div class=\"wpb_column pos-top pos-center align_left align_center_tablet align_center_mobile column_child col-lg-6 boomapps_vccolumn single-internal-gutter\"><div class=\"uncol style-spec style-dark\" ><div class=\"uncoltable\"><div class=\"uncell  boomapps_vccolumn no-block-padding\" ><div class=\"uncont\" ><div class=\"uncode_text_column text-lead bottom-t-top animate_when_almost_visible\" data-delay=\"300\"><p><strong>Segregated funds<\/strong> are investment products offered by insurance companies that combine the benefits of traditional investments. They are composed of equities, bonds, or money market securities. They are similar to mutual funds but offer additional advantages:<\/p>\n<\/div><\/div><\/div><\/div><\/div><\/div><\/div><\/div><\/div><div class=\"vc_row row-internal row-container boomapps_vcrow\"><div class=\"row row-child\"><div class=\"wpb_row row-inner\"><div class=\"wpb_column pos-top pos-center align_left column_child col-lg-3 boomapps_vccolumn single-internal-gutter\"><div class=\"uncol style-spec style-dark\" ><div class=\"uncoltable\"><div class=\"uncell  boomapps_vccolumn no-block-padding\" ><div class=\"uncont\" ><div class=\"animate_when_almost_visible zoom-in icon-box icon-box-top\" data-delay=\"100\"><div class=\"icon-box-icon fa-container\"><span class=\"text-default-color btn-disable-hover\"><i class=\"fa fa-square-check fa-4x fa-fw\"><\/i><\/span><\/div><div class=\"icon-box-content\"><div class=\"icon-box-heading icon-box-fa-4x\"><h3 class=\"h3\">Guaranteed capital protection<\/h3><\/div><p class=\"text-lead\">Ils offrent des garanties de 75% \u00e0 100% des sommes investies, \u00e0 l&rsquo;\u00e9ch\u00e9ance ou au d\u00e9c\u00e8s, en cas de baisse du march\u00e9.<\/p>\n<\/div><\/div><\/div><\/div><\/div><\/div><\/div><div class=\"wpb_column pos-top pos-center align_left column_child col-lg-3 boomapps_vccolumn single-internal-gutter\"><div class=\"uncol style-spec style-dark\" ><div class=\"uncoltable\"><div class=\"uncell  boomapps_vccolumn no-block-padding\" ><div class=\"uncont\" ><div class=\"animate_when_almost_visible zoom-in icon-box icon-box-top\" data-delay=\"200\"><div class=\"icon-box-icon fa-container\"><span class=\"text-default-color btn-disable-hover\"><i class=\"fa fa-lock3 fa-4x fa-fw\"><\/i><\/span><\/div><div class=\"icon-box-content\"><div class=\"icon-box-heading icon-box-fa-4x\"><h3 class=\"h3\">Creditor protection<\/h3><\/div><p class=\"text-lead\">They protect assets from creditors, which is particularly beneficial for business owners and self-employed individuals.<\/p>\n<\/div><\/div><\/div><\/div><\/div><\/div><\/div><div class=\"wpb_column pos-top pos-center align_left column_child col-lg-3 boomapps_vccolumn single-internal-gutter\"><div class=\"uncol style-spec style-dark\" ><div class=\"uncoltable\"><div class=\"uncell  boomapps_vccolumn no-block-padding\" ><div class=\"uncont\" ><div class=\"animate_when_almost_visible zoom-in icon-box icon-box-top\" data-delay=\"300\"><div class=\"icon-box-icon fa-container\"><span class=\"text-default-color btn-disable-hover\"><i class=\"fa fa-star2 fa-4x fa-fw\"><\/i><\/span><\/div><div class=\"icon-box-content\"><div class=\"icon-box-heading icon-box-fa-4x\"><h3 class=\"h3\">Tax advantages<\/h3><\/div><p class=\"text-lead\">Les fonds distincts peuvent permettre de diff\u00e9rer l&rsquo;imp\u00f4t sur les gains, offrant une meilleure gestion fiscale.<\/p>\n<\/div><\/div><\/div><\/div><\/div><\/div><\/div><div class=\"wpb_column pos-top pos-center align_left column_child col-lg-3 boomapps_vccolumn single-internal-gutter\"><div class=\"uncol style-spec style-dark\" ><div class=\"uncoltable\"><div class=\"uncell  boomapps_vccolumn no-block-padding\" ><div class=\"uncont\" ><div class=\"animate_when_almost_visible zoom-in icon-box icon-box-top\" data-delay=\"400\"><div class=\"icon-box-icon fa-container\"><span class=\"text-default-color btn-disable-hover\"><i class=\"fa fa-rocket2 fa-4x fa-fw\"><\/i><\/span><\/div><div class=\"icon-box-content\"><div class=\"icon-box-heading icon-box-fa-4x\"><h3 class=\"h3\">Direct beneficiary payout<\/h3><\/div><p class=\"text-lead\">Beneficiaries receive the funds directly upon death, without going through the estate, thereby avoiding delays and estate-related costs.<\/p>\n<\/div><\/div><\/div><\/div><\/div><\/div><\/div><\/div><\/div><\/div><\/div><\/div><\/div><\/div><\/div><script id=\"script-row-unique-3\" data-row=\"script-row-unique-3\" type=\"text\/javascript\" class=\"vc_controls\">UNCODE.initRow(document.getElementById(\"row-unique-3\"));<\/script><\/div><\/div><\/div><div data-parent=\"true\" class=\"vc_row has-bg need-focus style-color-lxmt-bg row-container has-dividers boomapps_vcrow\" id=\"row-unique-4\"><div class=\"uncode-divider-wrap uncode-divider-wrap-top z_index_0 uncode-divider-tablet-hide uncode-divider-mobile-hide uncode-row-divider-invert\" style=\"height: 100%;\" data-height=\"100\" data-unit=\"%\"><svg version=\"1.1\" class=\"uncode-row-divider uncode-row-divider-curve\" x=\"0px\" y=\"0px\" width=\"240px\" height=\"24px\" viewbox=\"0 0 240 24\" enable-background=\"new 0 0 240 24\" xml:space=\"preserve\" preserveaspectratio=\"none\">\n\t\t<path fill=\"#cc9900\" d=\"M240,0v24h-80V0H240z\"\/>\n\t\t<\/svg><\/div><div class=\"row unequal col-no-gutter no-top-padding no-bottom-padding no-h-padding full-width row-parent\"><div class=\"wpb_row row-inner\"><div class=\"wpb_column pos-middle pos-right align_left column_parent col-lg-7 boomapps_vccolumn half-internal-gutter\"><div class=\"uncol style-light font-846016 animate_when_almost_visible alpha-anim\"  data-delay=\"200\" data-speed=\"1000\"><div class=\"uncoltable\"><div class=\"uncell  boomapps_vccolumn double-block-padding    parallax-el\" data-rellax-percentage=\"0.5\" data-rellax-speed=\"2\"><div class=\"uncont\" style=\" max-width:780px;\" ><div class=\"vc_row row-internal row-container boomapps_vcrow\"><div class=\"row row-child\"><div class=\"wpb_row row-inner\"><div class=\"wpb_column pos-top pos-center align_left column_child col-lg-10 boomapps_vccolumn single-internal-gutter\"><div class=\"uncol style-light\" ><div class=\"uncoltable\"><div class=\"uncell  boomapps_vccolumn no-block-padding\" ><div class=\"uncont\" ><div class=\"uncode-single-media  text-left\"><div class=\"single-wrapper\" style=\"max-width: 100%;\"><div class=\"tmb tmb-light  tmb-media-first tmb-media-last tmb-content-overlay tmb-no-bg\"><div class=\"t-inside\"><div class=\"t-entry-visual\"><div class=\"t-entry-visual-tc\"><div class=\"uncode-single-media-wrapper\"><img decoding=\"async\" class=\"wp-image-142712\" src=\"https:\/\/costasf.com\/wp-content\/uploads\/2024\/09\/iStock-1444536152-scaled.jpg\" width=\"2560\" height=\"1708\" alt=\"\" srcset=\"https:\/\/costasf.com\/wp-content\/uploads\/2024\/09\/iStock-1444536152-scaled.jpg 2560w, https:\/\/costasf.com\/wp-content\/uploads\/2024\/09\/iStock-1444536152-300x200.jpg 300w, https:\/\/costasf.com\/wp-content\/uploads\/2024\/09\/iStock-1444536152-1024x683.jpg 1024w, https:\/\/costasf.com\/wp-content\/uploads\/2024\/09\/iStock-1444536152-768x512.jpg 768w, https:\/\/costasf.com\/wp-content\/uploads\/2024\/09\/iStock-1444536152-1536x1025.jpg 1536w, https:\/\/costasf.com\/wp-content\/uploads\/2024\/09\/iStock-1444536152-2048x1366.jpg 2048w, https:\/\/costasf.com\/wp-content\/uploads\/2024\/09\/iStock-1444536152-350x233.jpg 350w, https:\/\/costasf.com\/wp-content\/uploads\/2024\/09\/iStock-1444536152-scaled-uai-720x480.jpg 720w\" sizes=\"(max-width: 2560px) 100vw, 2560px\" \/><\/div>\n\t\t\t\t\t<\/div>\n\t\t\t\t<\/div><\/div><\/div><\/div><\/div><\/div><\/div><\/div><\/div><\/div><div class=\"wpb_column pos-top pos-center align_left column_child col-lg-2 boomapps_vccolumn single-internal-gutter\"><div class=\"uncol style-light\" ><div class=\"uncoltable\"><div class=\"uncell  boomapps_vccolumn no-block-padding\" ><div class=\"uncont\" ><\/div><\/div><\/div><\/div><\/div><\/div><\/div><\/div><\/div><\/div><\/div><\/div><\/div><div class=\"wpb_column pos-middle pos-center align_left column_parent col-lg-5 boomapps_vccolumn single-internal-gutter\"><div class=\"uncol style-light animate_when_almost_visible right-t-left\"  data-delay=\"200\"><div class=\"uncoltable\"><div class=\"uncell  boomapps_vccolumn no-block-padding    parallax-el\" data-rellax-percentage=\"0.5\" data-rellax-speed=\"2\"><div class=\"uncont\" ><div class=\"vc_row style-accent-bg row-internal row-container boomapps_vcrow\"><div class=\"row row-child\"><div class=\"wpb_row row-inner\"><div class=\"wpb_column pos-middle pos-center align_left column_child col-lg-12 boomapps_vccolumn single-internal-gutter\"><div class=\"uncol style-light\" ><div class=\"uncoltable\"><div class=\"uncell  boomapps_vccolumn double-block-padding\" ><div class=\"uncont\" ><div class=\"vc_custom_heading_wrap\"><div class=\"heading-text el-text\" ><h2 class=\"h4 fontheight-524109 font-weight-500 text-color-xsdn-color\" ><i><span>Did you know that some segregated fund contracts allow you to reset the capital guarantee to the current market value if it has increased, providing enhanced protection for the future? The guaranteed value of the invested capital is protected and can only increase.<\/span><\/i><\/h2><\/div><div class=\"clear\"><\/div><\/div><\/div><\/div><\/div><\/div><\/div><\/div><\/div><\/div><\/div><\/div><\/div><\/div><\/div><script id=\"script-row-unique-4\" data-row=\"script-row-unique-4\" type=\"text\/javascript\" class=\"vc_controls\">UNCODE.initRow(document.getElementById(\"row-unique-4\"));<\/script><\/div><\/div><\/div><div data-parent=\"true\" class=\"vc_row has-bg need-focus style-color-xsdn-bg row-container boomapps_vcrow\" id=\"row-unique-5\"><div class=\"row col-no-gutter double-top-padding double-bottom-padding double-h-padding full-width row-parent\"><div class=\"wpb_row row-inner\"><div class=\"wpb_column pos-top pos-center align_left column_parent col-lg-8 boomapps_vccolumn single-internal-gutter\"><div class=\"uncol style-light\"  ><div class=\"uncoltable\"><div class=\"uncell  boomapps_vccolumn no-block-padding\" ><div class=\"uncont\" ><div class=\"vc_custom_heading_wrap\"><div class=\"heading-text el-text left-t-right animate_when_almost_visible\" data-delay=\"200\"><h2 class=\"h3 font-weight-700 text-accent-color\" ><span>A Range of Portfolios Designed to Maximize Returns<\/span><\/h2><\/div><div class=\"clear\"><\/div><\/div><div class=\"uncode_text_column text-lead left-t-right animate_when_almost_visible\" data-delay=\"300\"><p><span class=\"font-594059\" style=\"color: #383838;\">One of the key advantages of entrusting your investments to an experienced broker like myself is access to a wide range of portfolios available on the market, tailored specifically to you. By working with a broker, you benefit from clear guidance and customized solutions designed to optimize your long-term returns. I support you at every step to help you select investment solutions aligned with your goals, risk tolerance, and financial horizon. Invest with confidence and peace of mind by relying on an experienced and committed partner.<\/span><\/p>\n<\/div><\/div><\/div><\/div><\/div><\/div><div class=\"wpb_column pos-top pos-center align_left column_parent col-lg-4 boomapps_vccolumn single-internal-gutter\"><div class=\"uncol style-light\"  ><div class=\"uncoltable\"><div class=\"uncell  boomapps_vccolumn no-block-padding\" ><div class=\"uncont\" ><div class=\"empty-space empty-quart\" ><span class=\"empty-space-inner\"><\/span><\/div>\n<\/div><\/div><\/div><\/div><\/div><script id=\"script-row-unique-5\" data-row=\"script-row-unique-5\" type=\"text\/javascript\" class=\"vc_controls\">UNCODE.initRow(document.getElementById(\"row-unique-5\"));<\/script><\/div><\/div><\/div><div data-parent=\"true\" class=\"vc_row has-bg need-focus style-color-lxmt-bg row-container boomapps_vcrow\" id=\"row-unique-6\"><div class=\"row single-top-padding single-bottom-padding triple-h-padding full-width row-parent\"><div class=\"wpb_row row-inner\"><div class=\"wpb_column pos-top pos-center align_left column_parent col-lg-12 boomapps_vccolumn single-internal-gutter\"><div class=\"uncol style-light\"  ><div class=\"uncoltable\"><div class=\"uncell  boomapps_vccolumn no-block-padding\" ><div class=\"uncont\" ><div class=\"vc_custom_heading_wrap\"><div class=\"heading-text el-text\" ><h2 class=\"h1\" ><span>Questions?<\/span><\/h2><\/div><div class=\"clear\"><\/div><\/div><span class=\"btn-container\" ><a role=\"button\"  href=\"https:\/\/costasf.com\/en\/contact\/\" class=\"custom-link btn border-width-0 btn-accent btn-icon-left\" title=\"Contact\">Contact me<\/a><\/span><div class=\"vc_custom_heading_wrap\"><div class=\"heading-text el-text\" ><h2 class=\"custom fontsize-612641-custom font-size-custom\" ><span>D&rsquo;autres produits de placement qui pourraient vous int\u00e9resser:<\/span><\/h2><\/div><div class=\"clear\"><\/div><\/div><div class=\"uncode-wrapper uncode-list\" >\n<ul class=\"icons\">\n<li><i class=\"fa fa-circle-check text-accent-color\"><\/i><a href=\"https:\/\/costasf.com\/en\/epargne\/\">Savings<\/a><\/li>\n<li><i class=\"fa fa-circle-check text-accent-color\"><\/i><a href=\"https:\/\/costasf.com\/en\/rentes-et-retraite\/\">Annuities and Retirement<\/a><\/li>\n<\/ul>\n<\/div><\/div><\/div><\/div><\/div><\/div><script id=\"script-row-unique-6\" data-row=\"script-row-unique-6\" type=\"text\/javascript\" class=\"vc_controls\">UNCODE.initRow(document.getElementById(\"row-unique-6\"));<\/script><\/div><\/div><\/div>\n<\/div>","protected":false},"excerpt":{"rendered":"Placements Investiraujourd'hui,c'est b\u00e2tirvotre avenirde demain. Fonds Communs Les fonds communs de placement sont offert par les institutions financi\u00e8res et vous [...]","protected":false},"author":1,"featured_media":143325,"parent":0,"menu_order":0,"comment_status":"closed","ping_status":"closed","template":"","meta":{"_monsterinsights_skip_tracking":false,"_monsterinsights_sitenote_active":false,"_monsterinsights_sitenote_note":"","_monsterinsights_sitenote_category":0,"footnotes":""},"class_list":["post-142489","page","type-page","status-publish","has-post-thumbnail","hentry"],"_links":{"self":[{"href":"https:\/\/costasf.com\/en\/wp-json\/wp\/v2\/pages\/142489","targetHints":{"allow":["GET"]}}],"collection":[{"href":"https:\/\/costasf.com\/en\/wp-json\/wp\/v2\/pages"}],"about":[{"href":"https:\/\/costasf.com\/en\/wp-json\/wp\/v2\/types\/page"}],"author":[{"embeddable":true,"href":"https:\/\/costasf.com\/en\/wp-json\/wp\/v2\/users\/1"}],"replies":[{"embeddable":true,"href":"https:\/\/costasf.com\/en\/wp-json\/wp\/v2\/comments?post=142489"}],"version-history":[{"count":235,"href":"https:\/\/costasf.com\/en\/wp-json\/wp\/v2\/pages\/142489\/revisions"}],"predecessor-version":[{"id":145693,"href":"https:\/\/costasf.com\/en\/wp-json\/wp\/v2\/pages\/142489\/revisions\/145693"}],"wp:featuredmedia":[{"embeddable":true,"href":"https:\/\/costasf.com\/en\/wp-json\/wp\/v2\/media\/143325"}],"wp:attachment":[{"href":"https:\/\/costasf.com\/en\/wp-json\/wp\/v2\/media?parent=142489"}],"curies":[{"name":"wp","href":"https:\/\/api.w.org\/{rel}","templated":true}]}}