{"id":142289,"date":"2024-09-04T11:58:44","date_gmt":"2024-09-04T15:58:44","guid":{"rendered":"https:\/\/costasf.com\/?page_id=142289"},"modified":"2026-04-15T15:17:13","modified_gmt":"2026-04-15T19:17:13","slug":"assurance-voyage","status":"publish","type":"page","link":"https:\/\/costasf.com\/en\/assurance-voyage","title":{"rendered":"Assurance Voyage"},"content":{"rendered":"<div class=\"wpb-content-wrapper\"><div data-parent=\"true\" class=\"vc_row has-bg need-focus style-accent-bg row-container onepage-section has-dividers boomapps_vcrow\" data-label=\"Welcome\" data-name=\"welcome\" style=\"z-index: 1;\" id=\"row-unique-0\"><div class=\"row-background background-element\" style=\"opacity: 1;\">\n\t\t\t\t\t\t\t\t\t\t\t<div class=\"background-wrapper\">\n\t\t\t\t\t\t\t\t\t\t\t\t<div class=\"background-inner\"><\/div>\n\t\t\t\t\t\t\t\t\t\t\t\t<div class=\"block-bg-overlay style-accent-bg\" style=\"opacity: 0.8;\"><\/div>\n\t\t\t\t\t\t\t\t\t\t\t<\/div>\n\t\t\t\t\t\t\t\t\t\t<\/div><div class=\"row unequal double-top-padding no-bottom-padding single-h-padding limit-width row-parent\"><div class=\"wpb_row row-inner\"><div class=\"wpb_column pos-bottom pos-center align_center align_center_mobile column_parent col-lg-12 boomapps_vccolumn single-internal-gutter z_index_4\"><div class=\"uncol style-spec style-dark\"  ><div class=\"uncoltable\"><div class=\"uncell  boomapps_vccolumn no-block-padding\" ><div class=\"uncont\" ><div class=\"vc_row row-internal row-container boomapps_vcrow\"><div class=\"row row-child\"><div class=\"wpb_row row-inner\"><div class=\"wpb_column pos-top pos-center align_center column_child col-lg-12 boomapps_vccolumn half-internal-gutter\"><div class=\"uncol style-spec style-dark\" ><div class=\"uncoltable\"><div class=\"uncell  boomapps_vccolumn no-block-padding\" ><div class=\"uncont\" ><div class=\"vc_custom_heading_wrap\"><div class=\"heading-text el-text zoom-in animate_when_almost_visible\" data-delay=\"200\"><h1 class=\"fontsize-338686\" ><span>Travel insurance<\/span><\/h1><\/div><div class=\"clear\"><\/div><\/div><div class=\"uncode_text_column text-lead left-t-right animate_when_almost_visible\" data-delay=\"200\"><p>Travel insurance protects you and your loved ones when you travel.<\/p>\n<\/div><\/div><\/div><\/div><\/div><\/div><\/div><\/div><\/div><div class=\"vc_row row-internal row-container boomapps_vcrow\"><div class=\"row col-no-gutter row-child\"><div class=\"wpb_row row-inner\"><div class=\"wpb_column pos-top pos-center align_left column_child col-lg-12 boomapps_vccolumn single-internal-gutter\"><div class=\"uncol style-light\" ><div class=\"uncoltable\"><div class=\"uncell  boomapps_vccolumn no-block-padding\" ><div class=\"uncont\" ><div class=\"uncode-single-media  text-center animate_when_almost_visible top-t-bottom\" data-delay=\"600\"><div class=\"single-wrapper\" style=\"max-width: 100%;\"><div class=\"tmb tmb-light  tmb-img-ratio tmb-media-first tmb-media-last tmb-content-overlay tmb-no-bg\"><div class=\"t-inside\"><div class=\"t-entry-visual\"><div class=\"t-entry-visual-tc\"><div class=\"uncode-single-media-wrapper\"><div class=\"dummy\" style=\"padding-top: 50%;\"><\/div><img decoding=\"async\" class=\"wp-image-142960\" src=\"https:\/\/costasf.com\/wp-content\/uploads\/2024\/09\/iStock-890554432-scaled-uai-2560x1280.jpg\" width=\"2560\" height=\"1280\" alt=\"\" srcset=\"https:\/\/costasf.com\/wp-content\/uploads\/2024\/09\/iStock-890554432-scaled-uai-2560x1280.jpg 2560w, https:\/\/costasf.com\/wp-content\/uploads\/2024\/09\/iStock-890554432-scaled-uai-720x360.jpg 720w\" sizes=\"(max-width: 2560px) 100vw, 2560px\" \/><\/div>\n\t\t\t\t\t<\/div>\n\t\t\t\t<\/div><\/div><\/div><\/div><\/div><\/div><\/div><\/div><\/div><\/div><\/div><\/div><\/div><\/div><\/div><\/div><\/div><\/div><script id=\"script-row-unique-0\" data-row=\"script-row-unique-0\" type=\"text\/javascript\" class=\"vc_controls\">UNCODE.initRow(document.getElementById(\"row-unique-0\"));<\/script><\/div><\/div><div class=\"uncode-divider-wrap uncode-divider-wrap-bottom z_index_0 uncode-divider-relative uncode-row-divider-invert\" style=\"height: 140px;\" data-height=\"140\" data-unit=\"px\"><svg version=\"1.1\" class=\"uncode-row-divider uncode-row-divider-curve\" x=\"0px\" y=\"0px\" width=\"240px\" height=\"24px\" viewbox=\"0 0 240 24\" enable-background=\"new 0 0 240 24\" xml:space=\"preserve\" preserveaspectratio=\"none\">\n\t\t<path fill=\"#ffffff\" fill-opacity=\"0.33\" d=\"M240,24V0H0v24C0,24,47.861,5.107,119.849,5.107C191.855,5.107,240,24,240,24z\"\/>\n\t\t<path fill=\"#ffffff\" fill-opacity=\"0.33\" d=\"M119.829,2.661c55.562,0,98.521,9.957,120.171,16.271V0H0v18.902\t\t\tC21.582,12.598,64.37,2.65,119.829,2.661z\"\/>\n\t\t<path fill=\"#ffffff\" d=\"M119.81,0.117c50.737,0,92.456,6.89,120.19,13.271V0H0v13.34C27.651,6.979,69.17,0.117,119.81,0.117z\"\/>\n\t\t<\/svg><\/div><\/div><div data-parent=\"true\" class=\"vc_row has-bg need-focus style-color-xsdn-bg row-container boomapps_vcrow\" id=\"row-unique-1\"><div class=\"row unequal col-no-gutter double-top-padding double-bottom-padding single-h-padding limit-width row-parent\"><div class=\"wpb_row row-inner\"><div class=\"wpb_column pos-top pos-center align_left column_parent col-lg-8 boomapps_vccolumn single-internal-gutter\"><div class=\"uncol style-light animate_when_almost_visible left-t-right\"  data-delay=\"100\"><div class=\"uncoltable\"><div class=\"uncell  boomapps_vccolumn single-block-padding style-accent-bg has-bg\" ><div class=\"uncont\" ><div class=\"vc_custom_heading_wrap\"><div class=\"heading-text el-text\" ><h2 class=\"h2 font-weight-400 text-color-xsdn-color\" ><span>Qu&rsquo;est-ce que l&rsquo;assurance voyage?<\/span><\/h2><\/div><div class=\"clear\"><\/div><\/div><div class=\"uncode_text_column text-color-xsdn-color\" ><p>Travel insurance is a form of financial protection that covers unexpected events during a trip, such as medical expenses, cancellations, delays, lost baggage, or accidents. It ensures that you are reimbursed or assisted in case of a problem, allowing you to travel with peace of mind.<\/p>\n<\/div><\/div><\/div><\/div><\/div><\/div><div class=\"wpb_column pos-middle pos-center align_left column_parent col-lg-4 boomapps_vccolumn single-internal-gutter\"><div class=\"uncol style-light animate_when_almost_visible right-t-left\"  data-delay=\"200\"><div class=\"uncoltable\"><div class=\"uncell  boomapps_vccolumn single-block-padding style-color-wayh-bg has-bg\" ><div class=\"uncont\" ><div class=\"vc_custom_heading_wrap\"><div class=\"heading-text el-text\" ><h2 class=\"h2 text-color-xsdn-color\" ><i><span>Saviez-vous que&#8230;<\/span><\/i><\/h2><\/div><div class=\"clear\"><\/div><\/div><div class=\"uncode_text_column text-color-xsdn-color\" ><p>\u2013 Without travel insurance, hospitalization costs can reach $12,000 or more per day.<\/p>\n<p>\u2013 Provincial health plans cover less than 10% of medical expenses if you are injured while traveling and do not have insurance.<\/p>\n<\/div><\/div><\/div><\/div><\/div><\/div><script id=\"script-row-unique-1\" data-row=\"script-row-unique-1\" type=\"text\/javascript\" class=\"vc_controls\">UNCODE.initRow(document.getElementById(\"row-unique-1\"));<\/script><\/div><\/div><\/div><div data-parent=\"true\" class=\"vc_row row-container boomapps_vcrow\" id=\"row-unique-2\"><div class=\"row no-top-padding quad-bottom-padding single-h-padding limit-width row-parent\" data-height-ratio=\"65\"><div class=\"wpb_row row-inner\"><div class=\"wpb_column pos-middle pos-center align_left column_parent col-lg-12 boomapps_vccolumn triple-internal-gutter\"><div class=\"uncol style-light\"  ><div class=\"uncoltable\"><div class=\"uncell  boomapps_vccolumn no-block-padding\" ><div class=\"uncont\" ><div class=\"vc_row row-internal row-container boomapps_vcrow\"><div class=\"row col-no-gutter row-child\"><div class=\"wpb_row row-inner\"><div class=\"wpb_column pos-top pos-center align_left column_child col-lg-8 boomapps_vccolumn half-internal-gutter\"><div class=\"uncol style-light\" ><div class=\"uncoltable\"><div class=\"uncell  boomapps_vccolumn no-block-padding\" ><div class=\"uncont\" ><div class=\"vc_custom_heading_wrap\"><div class=\"heading-text el-text zoom-in animate_when_almost_visible\" data-delay=\"200\"><h3 class=\"custom fontsize-199414-custom font-size-custom\" ><span>Qu&rsquo;est-ce qui est couvert?<\/span><\/h3><\/div><div class=\"clear\"><\/div><\/div><div class=\"uncode_text_column right-t-left animate_when_almost_visible\" data-delay=\"200\"><p>Emergency medical expenses can cost you thousands of dollars if you are not properly protected.<\/p>\n<p>Travel insurance covers you for many situations, including:<\/p>\n<\/div><\/div><\/div><\/div><\/div><\/div><div class=\"wpb_column pos-top pos-center align_left column_child col-lg-4 boomapps_vccolumn one-internal-gutter\"><div class=\"uncol style-light\" ><div class=\"uncoltable\"><div class=\"uncell  boomapps_vccolumn no-block-padding\" ><div class=\"uncont\" ><div class=\"empty-space empty-quart\" ><span class=\"empty-space-inner\"><\/span><\/div>\n<\/div><\/div><\/div><\/div><\/div><\/div><\/div><\/div><div class=\"vc_row row-internal row-container boomapps_vcrow\"><div class=\"row col-double-gutter row-child\"><div class=\"wpb_row row-inner\"><div class=\"wpb_column pos-top pos-center align_left column_child col-lg-4 boomapps_vccolumn single-internal-gutter\"><div class=\"uncol style-light\" ><div class=\"uncoltable\"><div class=\"uncell  boomapps_vccolumn no-block-padding\" ><div class=\"uncont\" ><div class=\"animate_when_almost_visible zoom-in icon-box icon-box-left\" data-delay=\"100\"><div class=\"icon-box-icon fa-container\"><span class=\"text-color-210407-color btn-disable-hover\"><i class=\"fa fa-ambulance fa-4x fa-fw\"><\/i><\/span><\/div><div class=\"icon-box-content\"><div class=\"icon-box-heading icon-box-fa-4x\"><h3 class=\"h4 fontheight-357766\">Emergency medical care<\/h3><\/div><p>L&rsquo;assurance voyage vous couvre pour les frais d&rsquo;ambulance, les frais hospitaliers et les frais dentaires impr\u00e9vus.<\/p>\n<\/div><\/div><\/div><\/div><\/div><\/div><\/div><div class=\"wpb_column pos-top pos-center align_left column_child col-lg-4 boomapps_vccolumn single-internal-gutter\"><div class=\"uncol style-light\" ><div class=\"uncoltable\"><div class=\"uncell  boomapps_vccolumn no-block-padding\" ><div class=\"uncont\" ><div class=\"animate_when_almost_visible zoom-in icon-box icon-box-left\" data-delay=\"200\"><div class=\"icon-box-icon fa-container\"><span class=\"text-accent-color btn-disable-hover\"><i class=\"fa fa-drivers-license fa-4x fa-fw\"><\/i><\/span><\/div><div class=\"icon-box-content\"><div class=\"icon-box-heading icon-box-fa-4x\"><h3 class=\"h4 fontheight-357766\">Loss of documents<\/h3><\/div><p>Les sp\u00e9cialistes de l&rsquo;assurance peuvent vous guider aupr\u00e8s de l&rsquo;ambassade du Canada ou de votre institution financi\u00e8re<\/p>\n<\/div><\/div><\/div><\/div><\/div><\/div><\/div><div class=\"wpb_column pos-top pos-center align_left column_child col-lg-4 boomapps_vccolumn single-internal-gutter\"><div class=\"uncol style-light\" ><div class=\"uncoltable\"><div class=\"uncell  boomapps_vccolumn no-block-padding\" ><div class=\"uncont\" ><div class=\"animate_when_almost_visible zoom-in icon-box icon-box-left\" data-delay=\"300\"><div class=\"icon-box-icon fa-container\"><span class=\"text-accent-color btn-disable-hover\"><i class=\"fa fa-plane fa-4x fa-fw\"><\/i><\/span><\/div><div class=\"icon-box-content\"><div class=\"icon-box-heading icon-box-fa-4x\"><h3 class=\"h4 fontheight-357766\">Flight cancellation fees<\/h3><\/div><p>L&rsquo;assurance voyage vous couvre pour les frais engendr\u00e9s par l&rsquo;annulation de vol, les retards de vols et m\u00eame la perte de bagages.<\/p>\n<\/div><\/div><\/div><\/div><\/div><\/div><\/div><\/div><\/div><\/div><div class=\"vc_row row-internal row-container boomapps_vcrow\"><div class=\"row col-double-gutter row-child\"><div class=\"wpb_row row-inner\"><div class=\"wpb_column pos-top pos-center align_left column_child col-lg-4 boomapps_vccolumn single-internal-gutter\"><div class=\"uncol style-light\" ><div class=\"uncoltable\"><div class=\"uncell  boomapps_vccolumn no-block-padding\" ><div class=\"uncont\" ><div class=\"animate_when_almost_visible zoom-in icon-box icon-box-left\" data-delay=\"100\"><div class=\"icon-box-icon fa-container\"><span class=\"text-accent-color btn-disable-hover\"><i class=\"fa fa-wechat fa-4x fa-fw\"><\/i><\/span><\/div><div class=\"icon-box-content\"><div class=\"icon-box-heading icon-box-fa-4x\"><h3 class=\"h4 fontheight-357766\">Translation services<\/h3><\/div><p>Don\u2019t speak the local language? No worries\u2014multilingual interpreters will be there to assist you.<\/p>\n<\/div><\/div><\/div><\/div><\/div><\/div><\/div><div class=\"wpb_column pos-top pos-center align_left column_child col-lg-4 boomapps_vccolumn single-internal-gutter\"><div class=\"uncol style-light\" ><div class=\"uncoltable\"><div class=\"uncell  boomapps_vccolumn no-block-padding\" ><div class=\"uncont\" ><div class=\"animate_when_almost_visible zoom-in icon-box icon-box-left\" data-delay=\"200\"><div class=\"icon-box-icon fa-container\"><span class=\"text-accent-color btn-disable-hover\"><i class=\"fa fa-check-square-o fa-4x fa-fw\"><\/i><\/span><\/div><div class=\"icon-box-content\"><div class=\"icon-box-heading icon-box-fa-4x\"><h3 class=\"h4 fontheight-357766\">Pre-existing condition<\/h3><\/div><p>Do you have a pre-existing condition and think you can\u2019t be insured? Think again! Several insurers can still provide coverage despite a pre-existing condition.<\/p>\n<\/div><\/div><\/div><\/div><\/div><\/div><\/div><div class=\"wpb_column pos-top pos-center align_left column_child col-lg-4 boomapps_vccolumn single-internal-gutter\"><div class=\"uncol style-light\" ><div class=\"uncoltable\"><div class=\"uncell  boomapps_vccolumn no-block-padding\" ><div class=\"uncont\" ><div class=\"animate_when_almost_visible zoom-in icon-box icon-box-left\" data-delay=\"300\"><div class=\"icon-box-icon fa-container\"><span class=\"text-accent-color btn-disable-hover\"><i class=\"fa fa-automobile fa-4x fa-fw\"><\/i><\/span><\/div><div class=\"icon-box-content\"><div class=\"icon-box-heading icon-box-fa-4x\"><h3 class=\"h4 fontheight-357766\">Car rental<\/h3><\/div><p>Planning to rent a car during your vacation? Some insurers offer coverage for rental vehicles.<\/p>\n<\/div><\/div><\/div><\/div><\/div><\/div><\/div><\/div><\/div><\/div><\/div><\/div><\/div><\/div><\/div><script id=\"script-row-unique-2\" data-row=\"script-row-unique-2\" type=\"text\/javascript\" class=\"vc_controls\">UNCODE.initRow(document.getElementById(\"row-unique-2\"));<\/script><\/div><\/div><\/div><div data-parent=\"true\" class=\"vc_row has-bg need-focus style-color-lxmt-bg row-container boomapps_vcrow\" id=\"row-unique-3\"><div class=\"row single-top-padding single-bottom-padding triple-h-padding full-width row-parent\"><div class=\"wpb_row row-inner\"><div class=\"wpb_column pos-top pos-center align_left column_parent col-lg-12 boomapps_vccolumn single-internal-gutter\"><div class=\"uncol style-light\"  ><div class=\"uncoltable\"><div class=\"uncell  boomapps_vccolumn no-block-padding\" ><div class=\"uncont\" ><div class=\"vc_custom_heading_wrap\"><div class=\"heading-text el-text\" ><h2 class=\"h2\" ><span>Are you planning to travel soon?<\/span><\/h2><\/div><div class=\"clear\"><\/div><\/div><span class=\"btn-container\" ><a role=\"button\"  href=\"https:\/\/costasf.com\/en\/contact\/\" class=\"custom-link btn border-width-0 btn-accent btn-icon-left\" title=\"Contact\">Contactez-moi d\u00e8s aujourd&rsquo;hui<\/a><\/span><div class=\"vc_custom_heading_wrap\"><div class=\"heading-text el-text\" ><h2 class=\"custom fontsize-981915-custom font-size-custom\" ><span>D&rsquo;autres produits d&rsquo;assurance qui pourraient vous int\u00e9resser:<\/span><\/h2><\/div><div class=\"clear\"><\/div><\/div><div class=\"uncode-wrapper uncode-list\" >\n<ul class=\"icons\">\n<li><i class=\"fa fa-circle-check text-accent-color\"><\/i><a href=\"https:\/\/costasf.com\/en\/pages\/assurance-vie\/\">Life insurance<\/a><\/li>\n<li><i class=\"fa fa-circle-check text-accent-color\"><\/i><a href=\"https:\/\/costasf.com\/en\/assurance-invalidite\/\">Disability insurance<\/a><\/li>\n<li><i class=\"fa fa-circle-check text-accent-color\"><\/i><a href=\"https:\/\/costasf.com\/en\/assurance-maladie-grave-et-accident\/\">Injury &amp; critical illness insurance<\/a><\/li>\n<li><i class=\"fa fa-circle-check text-accent-color\"><\/i><a href=\"https:\/\/costasf.com\/en\/assurance-hypothecaire\/\">Mortgage insurance<\/a><\/li>\n<li><i class=\"fa fa-circle-check text-accent-color\"><\/i><a href=\"https:\/\/costasf.com\/en\/assurance-dentaire-et-soins-medicaux\/\">Dental &amp; health insurance<\/a><\/li>\n<\/ul>\n<\/div><\/div><\/div><\/div><\/div><\/div><script id=\"script-row-unique-3\" data-row=\"script-row-unique-3\" type=\"text\/javascript\" class=\"vc_controls\">UNCODE.initRow(document.getElementById(\"row-unique-3\"));<\/script><\/div><\/div><\/div>\n<\/div>","protected":false},"excerpt":{"rendered":"Assurance voyageL&rsquo;assurance voyage vous prot\u00e8ge, vous et vos proche, lorsque vous voyagez. Qu'est-ce que l'assurance voyage?L&rsquo;assurance voyage est une protection [...]","protected":false},"author":1,"featured_media":143325,"parent":0,"menu_order":0,"comment_status":"closed","ping_status":"closed","template":"","meta":{"_monsterinsights_skip_tracking":false,"_monsterinsights_sitenote_active":false,"_monsterinsights_sitenote_note":"","_monsterinsights_sitenote_category":0,"footnotes":""},"class_list":["post-142289","page","type-page","status-publish","has-post-thumbnail","hentry"],"_links":{"self":[{"href":"https:\/\/costasf.com\/en\/wp-json\/wp\/v2\/pages\/142289","targetHints":{"allow":["GET"]}}],"collection":[{"href":"https:\/\/costasf.com\/en\/wp-json\/wp\/v2\/pages"}],"about":[{"href":"https:\/\/costasf.com\/en\/wp-json\/wp\/v2\/types\/page"}],"author":[{"embeddable":true,"href":"https:\/\/costasf.com\/en\/wp-json\/wp\/v2\/users\/1"}],"replies":[{"embeddable":true,"href":"https:\/\/costasf.com\/en\/wp-json\/wp\/v2\/comments?post=142289"}],"version-history":[{"count":111,"href":"https:\/\/costasf.com\/en\/wp-json\/wp\/v2\/pages\/142289\/revisions"}],"predecessor-version":[{"id":145686,"href":"https:\/\/costasf.com\/en\/wp-json\/wp\/v2\/pages\/142289\/revisions\/145686"}],"wp:featuredmedia":[{"embeddable":true,"href":"https:\/\/costasf.com\/en\/wp-json\/wp\/v2\/media\/143325"}],"wp:attachment":[{"href":"https:\/\/costasf.com\/en\/wp-json\/wp\/v2\/media?parent=142289"}],"curies":[{"name":"wp","href":"https:\/\/api.w.org\/{rel}","templated":true}]}}