{"id":142247,"date":"2024-09-03T16:15:03","date_gmt":"2024-09-03T20:15:03","guid":{"rendered":"https:\/\/costasf.com\/?page_id=142247"},"modified":"2026-04-15T15:31:35","modified_gmt":"2026-04-15T19:31:35","slug":"assurance-dentaire-et-soins-medicaux","status":"publish","type":"page","link":"https:\/\/costasf.com\/en\/assurance-dentaire-et-soins-medicaux","title":{"rendered":"Assurance Dentaire et Soins M\u00e9dicaux"},"content":{"rendered":"<div class=\"wpb-content-wrapper\"><div data-parent=\"true\" class=\"vc_row has-bg need-focus style-accent-bg row-container has-dividers boomapps_vcrow\" id=\"row-unique-0\"><div class=\"uncode-divider-wrap uncode-divider-wrap-bottom z_index_2 uncode-row-divider-invert\" style=\"height: 200px;\" data-height=\"200\" data-unit=\"px\"><svg version=\"1.1\" class=\"uncode-row-divider uncode-row-divider-curve\" x=\"0px\" y=\"0px\" width=\"240px\" height=\"24px\" viewbox=\"0 0 240 24\" enable-background=\"new 0 0 240 24\" xml:space=\"preserve\" preserveaspectratio=\"none\">\n\t\t<path fill=\"#ffffff\" d=\"M0,0v14.182c3.124-1.22,6.56-2.13,10.27-2.708c17.499-2.73,24.44,5.98,43.547,11.129\t\t\tC80.628,29.842,93.06,3.44,117.158,3.44c22.631,0,40.458,26.955,65.074,18.553c14.645-5.021,19.015-13.912,39.855-17.623\t\t\tc7.049-1.25,12.926-1.79,17.912-1.02V0\"\/>\n\t\t<path fill=\"#ffffff\" fill-opacity=\"0.33\" d=\"M0,0v13.372c3.764-0.791,7.63-1.391,10.323-1.801\t\t\tc17.298-2.74,24.341,5.98,47.129,11.132C89.473,29.934,92.539,4.58,118.224,4.58c24.092,0,45.193,22.971,67.344,14.572\t\t\tc13.188-5.021,19.053-13.632,39.426-17.354C230.469,0.81,235.387,0.3,240,0.48V0\"\/>\n\t\t<path fill=\"#ffffff\" fill-opacity=\"0.33\" d=\"M0,0v18.102c4.434-2.317,9.751-4,15.885-4.869c17.067-2.378,23.832,5.16,42.482,9.621\t\t\tC84.5,29.109,96.594,6.26,120.117,6.26c22.078,0,39.531,23.332,63.539,16.063c14.271-4.341,18.572-12.032,38.865-15.242\t\t\tC229.402,5.98,235.171,5.55,240,6.19V0\"\/>\n\t\t<\/svg><\/div><div class=\"row col-double-gutter triple-top-padding penta-bottom-padding single-h-padding limit-width row-parent\" data-height-ratio=\"85\"><div class=\"wpb_row row-inner\"><div class=\"wpb_column pos-top pos-center align_left align_center_mobile column_parent col-lg-6 boomapps_vccolumn col-md-50 single-internal-gutter\"><div class=\"uncol style-spec style-dark\"  ><div class=\"uncoltable\"><div class=\"uncell  boomapps_vccolumn no-block-padding    parallax-el\" data-rellax-speed=\"2\"><div class=\"uncont\" ><div class=\"vc_custom_heading_wrap\"><div class=\"heading-text el-text single-curtain animate_inner_when_almost_visible el-text-split\" data-delay=\"200\"><h3 class=\"custom fontspace-183197 font-weight-800 fontsize-568550-custom font-size-custom font-obs translation-block\" data-style=\"normal\" data-weight=\"800\" data-font=\"Raleway\">Dental &amp; health insurance<\/h3><\/div><div class=\"clear\"><\/div><\/div><div class=\"uncode_text_column text-lead bottom-t-top animate_when_almost_visible\" data-delay=\"200\"><\/p>\n<h4>Do you need coverage to help pay for expenses not covered by the R\u00e9gie de l\u2019assurance maladie du Qu\u00e9bec? I can help!<\/h4>\n<p>\n<\/div><\/div><\/div><\/div><\/div><\/div><div class=\"wpb_column pos-middle pos-center align_left column_parent col-lg-6 boomapps_vccolumn col-md-50 single-internal-gutter\"><div class=\"uncol style-light animate_when_almost_visible right-t-left\"  data-delay=\"200\"><div class=\"uncoltable\"><div class=\"uncell  boomapps_vccolumn no-block-padding    parallax-el\" data-rellax-speed=\"2\"><div class=\"uncont\" ><div class=\"uncode-single-media  text-left\"><div class=\"single-wrapper\" style=\"max-width: 100%;\"><div class=\"tmb tmb-light  tmb-img-ratio tmb-media-first tmb-media-last tmb-content-overlay tmb-no-bg\"><div class=\"t-inside\"><div class=\"t-entry-visual\"><div class=\"t-entry-visual-tc\"><div class=\"uncode-single-media-wrapper\"><div class=\"dummy\" style=\"padding-top: 100%;\"><\/div><img decoding=\"async\" class=\"wp-image-142284\" src=\"https:\/\/costasf.com\/wp-content\/uploads\/2024\/09\/iStock-1942678905-scaled-uai-1707x1707.jpg\" width=\"1707\" height=\"1707\" alt=\"\" srcset=\"https:\/\/costasf.com\/wp-content\/uploads\/2024\/09\/iStock-1942678905-scaled-uai-1707x1707.jpg 1707w, https:\/\/costasf.com\/wp-content\/uploads\/2024\/09\/iStock-1942678905-150x150.jpg 150w, https:\/\/costasf.com\/wp-content\/uploads\/2024\/09\/iStock-1942678905-348x348.jpg 348w, https:\/\/costasf.com\/wp-content\/uploads\/2024\/09\/iStock-1942678905-scaled-uai-720x720.jpg 720w\" sizes=\"(max-width: 1707px) 100vw, 1707px\" \/><\/div>\n\t\t\t\t\t<\/div>\n\t\t\t\t<\/div><\/div><\/div><\/div><\/div><\/div><\/div><\/div><\/div><\/div><script id=\"script-row-unique-0\" data-row=\"script-row-unique-0\" type=\"text\/javascript\" class=\"vc_controls\">UNCODE.initRow(document.getElementById(\"row-unique-0\"));<\/script><\/div><\/div><\/div><div data-parent=\"true\" class=\"vc_row row-container boomapps_vcrow\" style=\"z-index: 1;\" id=\"row-unique-1\"><div class=\"row triple-top-padding single-bottom-padding no-h-padding limit-width row-parent\"><div class=\"wpb_row row-inner\"><div class=\"wpb_column pos-top pos-center align_left column_parent col-lg-12 boomapps_vccolumn double-internal-gutter\"><div class=\"uncol style-light\"  ><div class=\"uncoltable\"><div class=\"uncell  boomapps_vccolumn no-block-padding\" ><div class=\"uncont\" ><div class=\"vc_row row-internal row-container boomapps_vcrow\"><div class=\"row unequal col-double-gutter row-child\"><div class=\"wpb_row row-inner\"><div class=\"wpb_column pos-top pos-center align_left column_child col-lg-4 boomapps_vccolumn col-md-33 single-internal-gutter\"><div class=\"uncol style-light\" ><div class=\"uncoltable\"><div class=\"uncell  boomapps_vccolumn no-block-padding  unradius-sm\" ><div class=\"uncont\" ><div class=\"animate_when_almost_visible zoom-in icon-box icon-box-left\" data-delay=\"100\"><div class=\"icon-box-icon fa-container\"><span class=\"text-accent-color btn-disable-hover\"><i class=\"fa fa-trophy2 fa-3x fa-fw\"><\/i><\/span><\/div><div class=\"icon-box-content\"><div class=\"icon-box-heading\"><h3 class=\"h3 font-weight-700 fontheight-524109\">Exclusive program<\/h3><\/div><p class=\"text-lead\"><span style=\"color: #383838;\">Plusieurs compagnies offrent un programme exclusif et vous permet d&rsquo;\u00e9conomiser sur vos primes.<\/span><\/p>\n<\/div><\/div><\/div><\/div><\/div><\/div><\/div><div class=\"wpb_column pos-top pos-center align_left column_child col-lg-4 boomapps_vccolumn col-md-33 single-internal-gutter\"><div class=\"uncol style-light\" ><div class=\"uncoltable\"><div class=\"uncell  boomapps_vccolumn no-block-padding  unradius-sm\" ><div class=\"uncont\" ><div class=\"animate_when_almost_visible zoom-in icon-box icon-box-left\" data-delay=\"200\"><div class=\"icon-box-icon fa-container\"><span class=\"text-accent-color btn-disable-hover\"><i class=\"fa fa-flag-checkered fa-3x fa-fw\"><\/i><\/span><\/div><div class=\"icon-box-content\"><div class=\"icon-box-heading\"><h3 class=\"h3 font-weight-700 fontheight-524109\">Quick application<\/h3><\/div><p class=\"text-lead\"><span style=\"color: #383838;\">Submit an application in less than 15 minutes.<\/span><\/p>\n<\/div><\/div><\/div><\/div><\/div><\/div><\/div><div class=\"wpb_column pos-top pos-center align_left column_child col-lg-4 boomapps_vccolumn col-md-33 single-internal-gutter\"><div class=\"uncol style-light\" ><div class=\"uncoltable\"><div class=\"uncell  boomapps_vccolumn no-block-padding  unradius-sm\" ><div class=\"uncont\" ><div class=\"animate_when_almost_visible zoom-in icon-box icon-box-left\" data-delay=\"300\"><div class=\"icon-box-icon fa-container\"><span class=\"text-accent-color btn-disable-hover\"><i class=\"fa fa-birthday-cake fa-3x fa-fw\"><\/i><\/span><\/div><div class=\"icon-box-content\"><div class=\"icon-box-heading\"><h3 class=\"h3 font-weight-700 fontheight-524109\">No age limit<\/h3><\/div><p class=\"text-lead\"><span style=\"color: #383838;\">Soyez prot\u00e9g\u00e9 peu importe votre \u00e2ge. Il n&rsquo;y a pas d&rsquo;\u00e2ge pr\u00e9vu pour l&rsquo;expiration de la protection.<\/span><\/p>\n<\/div><\/div><\/div><\/div><\/div><\/div><\/div><\/div><\/div><\/div><div class=\"vc_row row-internal row-container boomapps_vcrow\"><div class=\"row unequal col-double-gutter row-child\"><div class=\"wpb_row row-inner\"><div class=\"wpb_column pos-top pos-center align_left column_child col-lg-4 boomapps_vccolumn col-md-33 single-internal-gutter\"><div class=\"uncol style-light\" ><div class=\"uncoltable\"><div class=\"uncell  boomapps_vccolumn no-block-padding  unradius-sm\" ><div class=\"uncont\" ><div class=\"animate_when_almost_visible zoom-in icon-box icon-box-left\" data-delay=\"100\"><div class=\"icon-box-icon fa-container\"><span class=\"text-accent-color btn-disable-hover\"><i class=\"fa fa-briefcase2 fa-3x fa-fw\"><\/i><\/span><\/div><div class=\"icon-box-content\"><div class=\"icon-box-heading\"><h3 class=\"h3 font-weight-700 fontheight-524109\">Convenient<\/h3><\/div><p class=\"text-lead\"><span style=\"color: #383838;\">Parfait pour les personnes qui n&rsquo;ont pas de r\u00e9gime collectif avec leur employeur.<\/span><\/p>\n<\/div><\/div><\/div><\/div><\/div><\/div><\/div><div class=\"wpb_column pos-top pos-center align_left column_child col-lg-4 boomapps_vccolumn col-md-33 single-internal-gutter\"><div class=\"uncol style-light\" ><div class=\"uncoltable\"><div class=\"uncell  boomapps_vccolumn no-block-padding  unradius-sm\" ><div class=\"uncont\" ><div class=\"animate_when_almost_visible zoom-in icon-box icon-box-left\" data-delay=\"200\"><div class=\"icon-box-icon fa-container\"><span class=\"text-accent-color btn-disable-hover\"><i class=\"fa fa-tag4 fa-3x fa-fw\"><\/i><\/span><\/div><div class=\"icon-box-content\"><div class=\"icon-box-heading\"><h3 class=\"h3 font-weight-700 fontheight-524109\">Affordable<\/h3><\/div><p class=\"text-lead\"><span style=\"color: #383838;\">There are several affordable plans available on the market.<\/span><\/p>\n<\/div><\/div><\/div><\/div><\/div><\/div><\/div><div class=\"wpb_column pos-top pos-center align_left column_child col-lg-4 boomapps_vccolumn col-md-33 single-internal-gutter\"><div class=\"uncol style-light\" ><div class=\"uncoltable\"><div class=\"uncell  boomapps_vccolumn no-block-padding  unradius-sm\" ><div class=\"uncont\" ><div class=\"animate_when_almost_visible zoom-in icon-box icon-box-left\" data-delay=\"300\"><div class=\"icon-box-icon fa-container\"><span class=\"text-accent-color btn-disable-hover\"><i class=\"fa fa-cog4 fa-3x fa-fw\"><\/i><\/span><\/div><div class=\"icon-box-content\"><div class=\"icon-box-heading\"><h3 class=\"h3 font-weight-700 fontheight-524109\">Customized plan<\/h3><\/div><p class=\"text-lead\"><span style=\"color: #383838;\">Choose the type of plan that suits your needs.<\/span><\/p>\n<\/div><\/div><\/div><\/div><\/div><\/div><\/div><\/div><\/div><\/div><\/div><\/div><\/div><\/div><\/div><script id=\"script-row-unique-1\" data-row=\"script-row-unique-1\" type=\"text\/javascript\" class=\"vc_controls\">UNCODE.initRow(document.getElementById(\"row-unique-1\"));<\/script><\/div><\/div><\/div><div data-parent=\"true\" class=\"vc_row row-container boomapps_vcrow\" id=\"row-unique-2\"><div class=\"row limit-width row-parent\"><div class=\"wpb_row row-inner\"><div class=\"wpb_column pos-top pos-center align_left column_parent col-lg-12 boomapps_vccolumn single-internal-gutter\"><div class=\"uncol style-light animate_when_almost_visible top-t-bottom\"  data-delay=\"300\"><div class=\"uncoltable\"><div class=\"uncell  boomapps_vccolumn no-block-padding\" ><div class=\"uncont\" ><div class=\"vc_custom_heading_wrap\"><div class=\"heading-text el-text\" ><h2 class=\"h2 fontspace-183197\" ><span>Qu&rsquo;est-ce qui est couvert?<\/span><\/h2><\/div><div class=\"clear\"><\/div><\/div><div class=\"vc_custom_heading_wrap\"><div class=\"heading-text el-text\" ><h2 class=\"h4 font-weight-500\" ><span>L&rsquo;assurance dentaire et soins m\u00e9dicaux couvre plusieurs d\u00e9penses de sant\u00e9, notamment:<\/span><\/h2><\/div><div class=\"clear\"><\/div><\/div><div class=\"uncode-wrapper uncode-list\" >\n<ul class=\"icons text-lead\">\n<li><i class=\"fa fa-check text-accent-color\"><\/i><span style=\"color: #383838;\">Les m\u00e9dicaments d&rsquo;ordonnance<\/span><\/li>\n<li><i class=\"fa fa-check text-accent-color\"><\/i><span style=\"color: #383838;\">Dental care<\/span><\/li>\n<li><i class=\"fa fa-check text-accent-color\"><\/i><span style=\"color: #383838;\">Vision care<\/span><\/li>\n<li><i class=\"fa fa-check text-accent-color\"><\/i><span style=\"color: #383838;\">Physiotherapy and massage therapy services<\/span><\/li>\n<li><i class=\"fa fa-check text-accent-color\"><\/i><span style=\"color: #383838;\">Les services m\u00e9dicaux d&rsquo;urgence re\u00e7u \u00e0 l&rsquo;\u00e9tranger<\/span><\/li>\n<li><i class=\"fa fa-check text-accent-color\"><\/i><span style=\"color: #383838;\">Medical equipment<\/span><\/li>\n<\/ul>\n<\/div><\/div><\/div><\/div><\/div><\/div><script id=\"script-row-unique-2\" data-row=\"script-row-unique-2\" type=\"text\/javascript\" class=\"vc_controls\">UNCODE.initRow(document.getElementById(\"row-unique-2\"));<\/script><\/div><\/div><\/div><div data-parent=\"true\" class=\"vc_row row-container boomapps_vcrow\" id=\"row-unique-3\"><div class=\"row single-top-padding double-bottom-padding single-h-padding limit-width row-parent\"><div class=\"wpb_row row-inner\"><div class=\"wpb_column pos-top pos-center align_left column_parent col-lg-12 boomapps_vccolumn single-internal-gutter\"><div class=\"uncol style-light animate_when_almost_visible bottom-t-top\"  data-delay=\"600\"><div class=\"uncoltable\"><div class=\"uncell  boomapps_vccolumn no-block-padding\" ><div class=\"uncont\" ><div class=\"vc_custom_heading_wrap\"><div class=\"heading-text el-text\" ><h2 class=\"h2 fontspace-183197\" ><span>\u00c0 qui s&rsquo;adresse la couverture?<\/span><\/h2><\/div><div class=\"clear\"><\/div><\/div><div class=\"vc_custom_heading_wrap\"><div class=\"heading-text el-text\" ><h2 class=\"h4 font-weight-500\" ><span>Tout le monde peut profiter de l&rsquo;assurance dentaire et soins m\u00e9dicaux. Elle peut \u00eatre utile dans plusieurs situations, notamment:<\/span><\/h2><\/div><div class=\"clear\"><\/div><\/div><div class=\"uncode-wrapper uncode-list\" >\n<ul class=\"icons text-lead\">\n<li><i class=\"fa fa-check text-accent-color\"><\/i><span style=\"color: #383838;\">Pour les personnes travaillant \u00e0 leur compte ou ceux et celles qui n&rsquo;ont pas d&rsquo;assurance collective au travail<\/span><\/li>\n<li><i class=\"fa fa-check text-accent-color\"><\/i><span style=\"color: #383838;\">For retirees<\/span><\/li>\n<li><i class=\"fa fa-check text-accent-color\"><\/i><span style=\"color: #383838;\">For individuals who want to supplement their group insurance<\/span><\/li>\n<li><i class=\"fa fa-check text-accent-color\"><\/i><span style=\"color: #383838;\">For individuals who do not want to pay out of pocket for expenses not covered by the RAMQ or their group insurance<\/span><\/li>\n<\/ul>\n<\/div><\/div><\/div><\/div><\/div><\/div><script id=\"script-row-unique-3\" data-row=\"script-row-unique-3\" type=\"text\/javascript\" class=\"vc_controls\">UNCODE.initRow(document.getElementById(\"row-unique-3\"));<\/script><\/div><\/div><\/div><div data-parent=\"true\" class=\"vc_row has-bg need-focus style-color-lxmt-bg row-container boomapps_vcrow\" id=\"row-unique-4\"><div class=\"row single-top-padding single-bottom-padding triple-h-padding full-width row-parent\"><div class=\"wpb_row row-inner\"><div class=\"wpb_column pos-top pos-center align_left column_parent col-lg-12 boomapps_vccolumn single-internal-gutter\"><div class=\"uncol style-light\"  ><div class=\"uncoltable\"><div class=\"uncell  boomapps_vccolumn no-block-padding\" ><div class=\"uncont\" ><div class=\"vc_custom_heading_wrap\"><div class=\"heading-text el-text\" ><h2 class=\"h1\" ><span>Questions?<\/span><\/h2><\/div><div class=\"clear\"><\/div><\/div><span class=\"btn-container\" ><a role=\"button\"  href=\"https:\/\/costasf.com\/en\/contact\/\" class=\"custom-link btn border-width-0 btn-accent btn-icon-left\" title=\"Contact\">Contact me<\/a><\/span><div class=\"vc_custom_heading_wrap\"><div class=\"heading-text el-text\" ><h2 class=\"custom fontsize-981915-custom font-size-custom\" ><span>D&rsquo;autres produits d&rsquo;assurance qui pourraient vous int\u00e9resser:<\/span><\/h2><\/div><div class=\"clear\"><\/div><\/div><div class=\"uncode-wrapper uncode-list\" >\n<ul class=\"icons\">\n<li><i class=\"fa fa-circle-check text-accent-color\"><\/i><a href=\"https:\/\/costasf.com\/en\/pages\/assurance-vie\/\">Life insurance<\/a><\/li>\n<li><i class=\"fa fa-circle-check text-accent-color\"><\/i><a href=\"https:\/\/costasf.com\/en\/assurance-invalidite\/\">Disability insurance<\/a><\/li>\n<li><i class=\"fa fa-circle-check text-accent-color\"><\/i><a href=\"https:\/\/costasf.com\/en\/assurance-maladie-grave-et-accident\/\">Injury &amp; critical illness insurance<\/a><\/li>\n<li><i class=\"fa fa-circle-check text-accent-color\"><\/i><a href=\"https:\/\/costasf.com\/en\/assurance-hypothecaire\/\">Mortgage insurance<\/a><\/li>\n<li><i class=\"fa fa-circle-check text-accent-color\"><\/i><a href=\"https:\/\/costasf.com\/en\/assurance-voyage\/\">Travel insurance<\/a><\/li>\n<\/ul>\n<\/div><\/div><\/div><\/div><\/div><\/div><script id=\"script-row-unique-4\" data-row=\"script-row-unique-4\" type=\"text\/javascript\" class=\"vc_controls\">UNCODE.initRow(document.getElementById(\"row-unique-4\"));<\/script><\/div><\/div><\/div>\n<\/div>","protected":false},"excerpt":{"rendered":"Assurance&nbsp;dentaire&nbsp;et&nbsp;soins&nbsp;m\u00e9dicauxBesoin d&rsquo;une protection pour couvrir les frais non couverts par la r\u00e9gis de l&rsquo;assurance maladie du Qu\u00e9bec? Je peux vous [...]","protected":false},"author":1,"featured_media":143325,"parent":0,"menu_order":0,"comment_status":"closed","ping_status":"closed","template":"","meta":{"_monsterinsights_skip_tracking":false,"_monsterinsights_sitenote_active":false,"_monsterinsights_sitenote_note":"","_monsterinsights_sitenote_category":0,"footnotes":""},"class_list":["post-142247","page","type-page","status-publish","has-post-thumbnail","hentry"],"_links":{"self":[{"href":"https:\/\/costasf.com\/en\/wp-json\/wp\/v2\/pages\/142247","targetHints":{"allow":["GET"]}}],"collection":[{"href":"https:\/\/costasf.com\/en\/wp-json\/wp\/v2\/pages"}],"about":[{"href":"https:\/\/costasf.com\/en\/wp-json\/wp\/v2\/types\/page"}],"author":[{"embeddable":true,"href":"https:\/\/costasf.com\/en\/wp-json\/wp\/v2\/users\/1"}],"replies":[{"embeddable":true,"href":"https:\/\/costasf.com\/en\/wp-json\/wp\/v2\/comments?post=142247"}],"version-history":[{"count":54,"href":"https:\/\/costasf.com\/en\/wp-json\/wp\/v2\/pages\/142247\/revisions"}],"predecessor-version":[{"id":145689,"href":"https:\/\/costasf.com\/en\/wp-json\/wp\/v2\/pages\/142247\/revisions\/145689"}],"wp:featuredmedia":[{"embeddable":true,"href":"https:\/\/costasf.com\/en\/wp-json\/wp\/v2\/media\/143325"}],"wp:attachment":[{"href":"https:\/\/costasf.com\/en\/wp-json\/wp\/v2\/media?parent=142247"}],"curies":[{"name":"wp","href":"https:\/\/api.w.org\/{rel}","templated":true}]}}