{"id":142210,"date":"2024-09-02T07:24:46","date_gmt":"2024-09-02T11:24:46","guid":{"rendered":"https:\/\/costasf.com\/?page_id=142210"},"modified":"2026-04-15T15:12:58","modified_gmt":"2026-04-15T19:12:58","slug":"assurance-hypothecaire","status":"publish","type":"page","link":"https:\/\/costasf.com\/en\/assurance-hypothecaire","title":{"rendered":"Mortgage Insurance"},"content":{"rendered":"<div class=\"wpb-content-wrapper\"><div data-parent=\"true\" class=\"vc_row has-bg need-focus style-color-xsdn-bg row-container has-dividers boomapps_vcrow\" id=\"row-unique-0\"><div class=\"row-background background-element\">\n\t\t\t\t\t\t\t\t\t\t\t<div class=\"background-wrapper\">\n\t\t\t\t\t\t\t\t\t\t\t\t<div class=\"background-inner\" style=\"background-image: url(https:\/\/costasf.com\/wp-content\/uploads\/2024\/09\/iStock-1335500378-scaled.jpg);background-repeat: no-repeat;background-position: center center;background-attachment: scroll;background-size: cover;\"><\/div>\n\t\t\t\t\t\t\t\t\t\t\t\t\n\t\t\t\t\t\t\t\t\t\t\t<\/div>\n\t\t\t\t\t\t\t\t\t\t<\/div><div class=\"uncode-divider-wrap uncode-divider-wrap-bottom z_index_0\" style=\"height: 100px;\" data-height=\"100\" data-unit=\"px\"><svg version=\"1.1\" class=\"uncode-row-divider uncode-row-divider-triangle\" x=\"0px\" y=\"0px\" width=\"240px\" height=\"24px\" viewbox=\"0 0 240 24\" enable-background=\"new 0 0 240 24\" xml:space=\"preserve\" preserveaspectratio=\"none\">\n\t\t<path fill=\"#f7f7f7\" d=\"M240,24L119.878,0L0,23.96V24H240z\"\/>\n\t\t<\/svg><\/div><div class=\"row col-quad-gutter exa-top-padding exa-bottom-padding single-h-padding full-width row-parent\" data-height-ratio=\"full\"><div class=\"wpb_row row-inner\"><div class=\"wpb_column pos-bottom pos-center align_center align_left_mobile column_parent col-lg-6 boomapps_vccolumn col-sm-16 single-internal-gutter\"><div class=\"uncol style-light unexpand\"  ><div class=\"uncoltable\"><div class=\"uncell  boomapps_vccolumn no-block-padding    parallax-el\" data-rellax-speed=\"2\"><div class=\"uncont\" ><div class=\"vc_custom_heading_wrap\"><div class=\"heading-text el-text zoom-in animate_when_almost_visible\" data-delay=\"300\"><h1 class=\"custom fontspace-183197 font-weight-700 text-color-xsdn-color fontsize-807320-custom font-size-custom badge-style style-accent-bg\" ><span>Mortgage Insurance<\/span><\/h1><\/div><div class=\"clear\"><\/div><\/div><div class=\"empty-space empty-double\" ><span class=\"empty-space-inner\"><\/span><\/div>\n<div class=\"empty-space empty-triple\" ><span class=\"empty-space-inner\"><\/span><\/div>\n<div class=\"empty-space empty-double\" ><span class=\"empty-space-inner\"><\/span><\/div>\n<\/div><\/div><\/div><\/div><\/div><div class=\"wpb_column pos-top pos-center align_left column_parent col-lg-6 boomapps_vccolumn single-internal-gutter\"><div class=\"uncol style-light\"  ><div class=\"uncoltable\"><div class=\"uncell  boomapps_vccolumn no-block-padding\" ><div class=\"uncont\" ><\/div><\/div><\/div><\/div><\/div><script id=\"script-row-unique-0\" data-row=\"script-row-unique-0\" type=\"text\/javascript\" class=\"vc_controls\">UNCODE.initRow(document.getElementById(\"row-unique-0\"));<\/script><\/div><\/div><\/div><div data-parent=\"true\" class=\"vc_row has-bg need-focus style-color-lxmt-bg row-container boomapps_vcrow\" id=\"row-unique-1\"><div class=\"row unequal col-no-gutter limit-width row-parent\"><div class=\"wpb_row row-inner\"><div class=\"wpb_column pos-top pos-center align_left column_parent col-lg-8 boomapps_vccolumn single-internal-gutter\"><div class=\"uncol style-light animate_when_almost_visible left-t-right\"  data-delay=\"100\"><div class=\"uncoltable\"><div class=\"uncell  boomapps_vccolumn single-block-padding style-accent-bg has-bg\" ><div class=\"uncont\" ><div class=\"vc_custom_heading_wrap\"><div class=\"heading-text el-text\" ><h2 class=\"h2 fontspace-183197 font-weight-700 text-color-xsdn-color\" ><span>L&rsquo;importance d&rsquo;une assurance hypoth\u00e9caire<\/span><\/h2><\/div><div class=\"clear\"><\/div><\/div><div class=\"uncode_text_column text-lead text-color-xsdn-color\" ><p>Purchasing a property is one of the most important investments you will make in your lifetime. It is therefore essential to protect it in the event of death, disability, or a critical illness<\/p>\n<p>There are several advantages to purchasing coverage through insurance companies that financial institutions do not offer:<\/p>\n<\/div><div class=\"uncode-wrapper uncode-list\" >\n<ul class=\"icons text-lead\">\n<li><i class=\"fa fa-circle-check text-color-xsdn-color\"><\/i><span style=\"color: #ffffff;\">Vous \u00eates le propri\u00e9taire de la police, ce qui vous donne plus de contr\u00f4le. Vous choisissez le b\u00e9n\u00e9ficiaire, qui recevra directement le montant de l&rsquo;assurance en cas de r\u00e9clamation.<\/span><\/li>\n<li><i class=\"fa fa-circle-check text-color-xsdn-color\"><\/i><span style=\"color: #ffffff;\">Vous pouvez adapter la couverture en fonction de vos besoins (montant, dur\u00e9e, options suppl\u00e9mentaires comme l&rsquo;invalidit\u00e9 ou les maladies graves)<\/span><\/li>\n<li><i class=\"fa fa-circle-check text-color-xsdn-color\"><\/i><span style=\"color: #ffffff;\">Premiums are set at the time of purchase and do not change as long as the policy remains in force, providing predictable costs.<\/span><\/li>\n<\/ul>\n<\/div><\/div><\/div><\/div><\/div><\/div><div class=\"wpb_column pos-middle pos-center align_left column_parent col-lg-4 boomapps_vccolumn single-internal-gutter\"><div class=\"uncol style-light animate_when_almost_visible right-t-left\"  data-delay=\"200\"><div class=\"uncoltable\"><div class=\"uncell  boomapps_vccolumn single-block-padding style-color-wayh-bg has-bg\" ><div class=\"uncont\" ><div class=\"vc_custom_heading_wrap\"><div class=\"heading-text el-text\" ><h2 class=\"h2 font-weight-700 text-color-xsdn-color\" ><i><span>Saviez-vous que&#8230;<\/span><\/i><\/h2><\/div><div class=\"clear\"><\/div><\/div><div class=\"uncode_text_column text-lead text-color-xsdn-color\" ><p>\u2013 Taking out mortgage insurance through a bank is more expensive than purchasing it through an insurance company.<\/p>\n<p>\u2013 You can keep your mortgage insurance even if you change lenders at renewal.<\/p>\n<\/div><\/div><\/div><\/div><\/div><\/div><script id=\"script-row-unique-1\" data-row=\"script-row-unique-1\" type=\"text\/javascript\" class=\"vc_controls\">UNCODE.initRow(document.getElementById(\"row-unique-1\"));<\/script><\/div><\/div><\/div><div data-parent=\"true\" class=\"vc_row has-bg need-focus style-color-lxmt-bg row-container boomapps_vcrow\" id=\"row-unique-2\"><div class=\"row col-no-gutter single-top-padding double-bottom-padding single-h-padding full-width row-parent\"><div class=\"wpb_row row-inner\"><div class=\"wpb_column pos-top pos-center align_left column_parent col-lg-3 boomapps_vccolumn single-internal-gutter\"><div class=\"uncol style-light animate_when_almost_visible zoom-in\"  data-delay=\"200\"><div class=\"uncoltable\"><div class=\"uncell  boomapps_vccolumn no-block-padding\" ><div class=\"uncont\" ><\/div><\/div><\/div><\/div><\/div><div class=\"wpb_column pos-top pos-center align_left column_parent col-lg-6 boomapps_vccolumn single-internal-gutter\"><div class=\"uncol style-light animate_when_almost_visible zoom-out\"  data-delay=\"600\"><div class=\"uncoltable\"><div class=\"uncell  boomapps_vccolumn no-block-padding\" ><div class=\"uncont\" ><div class=\"uncode-single-media  text-left\"><div class=\"single-wrapper\" style=\"max-width: 100%;\"><div class=\"tmb tmb-light  tmb-media-first tmb-media-last tmb-content-overlay tmb-no-bg\"><div class=\"t-inside\"><div class=\"t-entry-visual\"><div class=\"t-entry-visual-tc\"><div class=\"uncode-single-media-wrapper\"><img decoding=\"async\" class=\"wp-image-142237\" src=\"https:\/\/costasf.com\/wp-content\/uploads\/2026\/01\/Morgage-insurance.png\" width=\"834\" height=\"1080\" alt=\"\" srcset=\"https:\/\/costasf.com\/wp-content\/uploads\/2026\/01\/Morgage-insurance.png 1024w, https:\/\/costasf.com\/wp-content\/uploads\/2026\/01\/Morgage-insurance-200x300.png 200w, https:\/\/costasf.com\/wp-content\/uploads\/2026\/01\/Morgage-insurance-683x1024.png 683w, https:\/\/costasf.com\/wp-content\/uploads\/2026\/01\/Morgage-insurance-768x1152.png 768w, https:\/\/costasf.com\/wp-content\/uploads\/2026\/01\/Morgage-insurance-8x12.png 8w, https:\/\/costasf.com\/wp-content\/uploads\/2026\/01\/Morgage-insurance-350x525.png 350w\" sizes=\"(max-width: 834px) 100vw, 834px\" \/><\/div>\n\t\t\t\t\t<\/div>\n\t\t\t\t<\/div><\/div><\/div><\/div><\/div><\/div><\/div><\/div><\/div><\/div><div class=\"wpb_column pos-top pos-center align_left column_parent col-lg-3 boomapps_vccolumn single-internal-gutter\"><div class=\"uncol style-light\"  ><div class=\"uncoltable\"><div class=\"uncell  boomapps_vccolumn no-block-padding\" ><div class=\"uncont\" ><\/div><\/div><\/div><\/div><\/div><script id=\"script-row-unique-2\" data-row=\"script-row-unique-2\" type=\"text\/javascript\" class=\"vc_controls\">UNCODE.initRow(document.getElementById(\"row-unique-2\"));<\/script><\/div><\/div><\/div><div data-parent=\"true\" class=\"vc_row has-bg need-focus style-color-lxmt-bg row-container boomapps_vcrow\" id=\"row-unique-3\"><div class=\"row limit-width row-parent\"><div class=\"wpb_row row-inner\"><div class=\"wpb_column pos-top pos-center align_left column_parent col-lg-12 boomapps_vccolumn single-internal-gutter\"><div class=\"uncol style-light\"  ><div class=\"uncoltable\"><div class=\"uncell  boomapps_vccolumn no-block-padding\" ><div class=\"uncont\" >\n\t<div class=\"wpb_raw_code wpb_raw_html\" >\n\t\t<div class=\"wpb_wrapper\">\n\t\t\t<iframe width=\"560\" height=\"515\" src=\"https:\/\/www.youtube.com\/embed\/rtaP0x-JZ6U?si=NrT3_DeZMBDZSM56\" title=\"YouTube video player\" frameborder=\"0\" allow=\"accelerometer; autoplay; clipboard-write; encrypted-media; gyroscope; picture-in-picture; web-share\" referrerpolicy=\"strict-origin-when-cross-origin\" allowfullscreen><\/iframe>\n\t\t<\/div>\n\t<\/div>\n<\/div><\/div><\/div><\/div><\/div><script id=\"script-row-unique-3\" data-row=\"script-row-unique-3\" type=\"text\/javascript\" class=\"vc_controls\">UNCODE.initRow(document.getElementById(\"row-unique-3\"));<\/script><\/div><\/div><\/div><div data-parent=\"true\" class=\"vc_row row-container boomapps_vcrow\" id=\"row-unique-4\"><div class=\"row single-top-padding single-bottom-padding triple-h-padding full-width row-parent\"><div class=\"wpb_row row-inner\"><div class=\"wpb_column pos-top pos-center align_left column_parent col-lg-12 boomapps_vccolumn single-internal-gutter\"><div class=\"uncol style-light\"  ><div class=\"uncoltable\"><div class=\"uncell  boomapps_vccolumn no-block-padding\" ><div class=\"uncont\" ><div class=\"vc_custom_heading_wrap\"><div class=\"heading-text el-text\" ><h2 class=\"h1\" ><span>Questions?<\/span><\/h2><\/div><div class=\"clear\"><\/div><\/div><span class=\"btn-container\" ><a role=\"button\"  href=\"https:\/\/costasf.com\/en\/contact\/\" class=\"custom-link btn border-width-0 btn-accent btn-icon-left\" title=\"Contact\">Contact me<\/a><\/span><div class=\"vc_custom_heading_wrap\"><div class=\"heading-text el-text\" ><h2 class=\"custom fontsize-981915-custom font-size-custom\" ><span>D&rsquo;autres produits d&rsquo;assurance qui pourraient vous int\u00e9resser:<\/span><\/h2><\/div><div class=\"clear\"><\/div><\/div><div class=\"uncode-wrapper uncode-list\" >\n<ul class=\"icons\">\n<li><i class=\"fa fa-circle-check text-accent-color\"><\/i><a href=\"https:\/\/costasf.com\/en\/pages\/assurance-vie\/\">Life insurance<\/a><\/li>\n<li><i class=\"fa fa-circle-check text-accent-color\"><\/i><a href=\"https:\/\/costasf.com\/en\/assurance-invalidite\/\">Disability insurance<\/a><\/li>\n<li><i class=\"fa fa-circle-check text-accent-color\"><\/i><a href=\"https:\/\/costasf.com\/en\/assurance-maladie-grave-et-accident\/\">Injury &amp; critical illness insurance<\/a><\/li>\n<li><i class=\"fa fa-circle-check text-accent-color\"><\/i><a href=\"https:\/\/costasf.com\/en\/assurance-dentaire-et-soins-medicaux\/\">Dental &amp; health insurance<\/a><\/li>\n<li><i class=\"fa fa-circle-check text-accent-color\"><\/i><a href=\"https:\/\/costasf.com\/en\/assurance-voyage\/\">Travel insurance<\/a><\/li>\n<\/ul>\n<\/div><\/div><\/div><\/div><\/div><\/div><script id=\"script-row-unique-4\" data-row=\"script-row-unique-4\" type=\"text\/javascript\" class=\"vc_controls\">UNCODE.initRow(document.getElementById(\"row-unique-4\"));<\/script><\/div><\/div><\/div>\n<\/div>","protected":false},"excerpt":{"rendered":"Assurance Hypoth\u00e9caire L'importance d'une assurance hypoth\u00e9caireL&rsquo;achat d&rsquo;une propri\u00e9t\u00e9 est un des investissements les plus important que vous ferez au cours [...]","protected":false},"author":1,"featured_media":143325,"parent":0,"menu_order":0,"comment_status":"closed","ping_status":"closed","template":"","meta":{"_monsterinsights_skip_tracking":false,"_monsterinsights_sitenote_active":false,"_monsterinsights_sitenote_note":"","_monsterinsights_sitenote_category":0,"footnotes":""},"class_list":["post-142210","page","type-page","status-publish","has-post-thumbnail","hentry"],"_links":{"self":[{"href":"https:\/\/costasf.com\/en\/wp-json\/wp\/v2\/pages\/142210","targetHints":{"allow":["GET"]}}],"collection":[{"href":"https:\/\/costasf.com\/en\/wp-json\/wp\/v2\/pages"}],"about":[{"href":"https:\/\/costasf.com\/en\/wp-json\/wp\/v2\/types\/page"}],"author":[{"embeddable":true,"href":"https:\/\/costasf.com\/en\/wp-json\/wp\/v2\/users\/1"}],"replies":[{"embeddable":true,"href":"https:\/\/costasf.com\/en\/wp-json\/wp\/v2\/comments?post=142210"}],"version-history":[{"count":93,"href":"https:\/\/costasf.com\/en\/wp-json\/wp\/v2\/pages\/142210\/revisions"}],"predecessor-version":[{"id":145681,"href":"https:\/\/costasf.com\/en\/wp-json\/wp\/v2\/pages\/142210\/revisions\/145681"}],"wp:featuredmedia":[{"embeddable":true,"href":"https:\/\/costasf.com\/en\/wp-json\/wp\/v2\/media\/143325"}],"wp:attachment":[{"href":"https:\/\/costasf.com\/en\/wp-json\/wp\/v2\/media?parent=142210"}],"curies":[{"name":"wp","href":"https:\/\/api.w.org\/{rel}","templated":true}]}}